{"id":5601,"date":"2023-03-14T10:02:04","date_gmt":"2023-03-14T10:02:04","guid":{"rendered":"https:\/\/stensagercamping.dk\/udviklingssite\/kontakt\/"},"modified":"2025-01-30T09:11:16","modified_gmt":"2025-01-30T09:11:16","slug":"kontakt","status":"publish","type":"page","link":"https:\/\/stensagercamping.dk\/de\/kontakt\/","title":{"rendered":"Kontakt"},"content":{"rendered":"\t\t<div data-elementor-type=\"wp-page\" data-elementor-id=\"5601\" class=\"elementor elementor-5601 elementor-29\">\n\t\t\t\t\t\t<section class=\"elementor-section elementor-top-section elementor-element elementor-element-7bec7d6 elementor-section-boxed elementor-section-height-default elementor-section-height-default\" data-id=\"7bec7d6\" data-element_type=\"section\">\n\t\t\t\t\t\t\t<div class=\"elementor-background-overlay\"><\/div>\n\t\t\t\t\t\t\t<div class=\"elementor-container elementor-column-gap-no\">\n\t\t\t\t\t<div class=\"elementor-column elementor-col-100 elementor-top-column elementor-element elementor-element-7403535\" data-id=\"7403535\" data-element_type=\"column\">\n\t\t\t<div class=\"elementor-widget-wrap elementor-element-populated\">\n\t\t\t\t\t\t<div class=\"elementor-element elementor-element-dc69d2c elementor-widget elementor-widget-vedhak_elementor_heading\" data-id=\"dc69d2c\" data-element_type=\"widget\" data-widget_type=\"vedhak_elementor_heading.default\">\n\t\t\t\t<div class=\"elementor-widget-container\">\n\t\t\t\t\t\n\t\t\t<div class=\"ova-heading template1\">\n\n\t\t\t\t\n\t\t\t\t\t<h2 class=\"sub-title\">\n\n\t\t\t\t\t\t\n\t\t\t\t\t\t\n\t\t\t\t\t\tKontaktieren Sie uns\n\t\t\t\t\t<\/h2>\n\n\t\t\t\t\n\t\t\t\t\n\t\t\t\t\t\n\t\t\t\t\t\t<h3 class=\"title\"><span class=\"title-bold\">Wir sind gerne f\u00fcr Sie da und beraten Sie gerne <\/span><span class=\"title-normal\">f\u00fcr den perfekten Familienurlaub<\/span><\/h3>\n\n\t\t\t\t\t\n\n\t\t\t\t\t\t\t\t\t\n\t\t\t\t\n\t\t\t\t\n\t\t\t\t\t\n\t\t\t\t\n\t\t\t<\/div>\n\n\t\t\t\t\t\t<\/div>\n\t\t\t\t<\/div>\n\t\t\t\t<div class=\"elementor-element elementor-element-9164a39 elementor-widget elementor-widget-text-editor\" data-id=\"9164a39\" data-element_type=\"widget\" data-widget_type=\"text-editor.default\">\n\t\t\t\t<div class=\"elementor-widget-container\">\n\t\t\t\t\t\t\t\t\t<p>Sie k\u00f6nnen anrufen, schreiben oder vorbeikommen, um zu erfahren, was wir anbieten k\u00f6nnen.<\/p>\n\t\t\t\t\t\t\t\t<\/div>\n\t\t\t\t<\/div>\n\t\t\t\t<section class=\"elementor-section elementor-inner-section elementor-element elementor-element-d09f1c6 elementor-section-full_width elementor-section-height-default elementor-section-height-default\" data-id=\"d09f1c6\" data-element_type=\"section\">\n\t\t\t\t\t\t<div class=\"elementor-container elementor-column-gap-no\">\n\t\t\t\t\t<div class=\"elementor-column elementor-col-50 elementor-inner-column elementor-element elementor-element-85c1be4\" data-id=\"85c1be4\" data-element_type=\"column\">\n\t\t\t<div class=\"elementor-widget-wrap elementor-element-populated\">\n\t\t\t\t\t\t<div class=\"elementor-element elementor-element-c3e99c8 elementor-widget__width-auto elementor-widget elementor-widget-vedhak_elementor_contact_info\" data-id=\"c3e99c8\" data-element_type=\"widget\" data-widget_type=\"vedhak_elementor_contact_info.default\">\n\t\t\t\t<div class=\"elementor-widget-container\">\n\t\t\t\t\t\t\t\t<div class=\"ova-contact-info\">\n\t\t\t\t\n\t\t\t\t\t\t\t    \t<div class=\"icon\">\n\t\t\t\t\t\t<i aria-hidden=\"true\" class=\"ovaicon ovaicon-placeholder\"><\/i>\t\t\t\t\t<\/div>\n\t\t\t    \t\t\t\t\n\t\t\t\t<div class=\"contact\">\n\t\t\t\t\t\n\t\t\t\t\t\t\t\t\t\t\t<div class=\"label\">\n\t\t\t\t\t\t\tAdresse\t\t\t\t\t\t<\/div>\n\t\t\t\t\t\n\t\t\t\t\t<ul class=\"info\">\n\t\t\t\t\t\t\n\t\t\t\t\t\t\t\t<li class=\"item\">\n\t\t\t\t\t\t\t\t\t\t\t\t\t\t\t\t\t\t\t\t\tOluf Ravns Vej 16,\nBinderup Strand,\n6091 Bjert\t\t\t\t\t\t\t\t\t\t\t\t\t\t\t\t\t\t\t<\/li>\n\t\t\t\t\t\t\t\n\t\t\t\t\t\t\t\t\t\t\t<\/ul>\n\n\t\t\t\t<\/div>\n\n\t\t\t<\/div>\n\n\t\t\t\t\t\t<\/div>\n\t\t\t\t<\/div>\n\t\t\t\t<div class=\"elementor-element elementor-element-083df25 elementor-widget elementor-widget-vedhak_elementor_contact_info\" data-id=\"083df25\" data-element_type=\"widget\" data-widget_type=\"vedhak_elementor_contact_info.default\">\n\t\t\t\t<div class=\"elementor-widget-container\">\n\t\t\t\t\t\t\t\t<div class=\"ova-contact-info\">\n\t\t\t\t\n\t\t\t\t\t\t\t    \t<div class=\"icon\">\n\t\t\t\t\t\t<i aria-hidden=\"true\" class=\"ovaicon ovaicon-phone-call\"><\/i>\t\t\t\t\t<\/div>\n\t\t\t    \t\t\t\t\n\t\t\t\t<div class=\"contact\">\n\t\t\t\t\t\n\t\t\t\t\t\t\t\t\t\t\t<div class=\"label\">\n\t\t\t\t\t\t\tTelefon\t\t\t\t\t\t<\/div>\n\t\t\t\t\t\n\t\t\t\t\t<ul class=\"info\">\n\t\t\t\t\t\t\n\t\t\t\t\t\t\t\t<li class=\"item\">\n\t\t\t\t\t\t\t\t\t\t\t\t\t\t\t\t\t\t\t\t\t<a href=\"tel:004575572231 \" title=\"phone\">\n\t\t\t\t\t\t\t\t\t\t\t\t\t+45 75 57 22 31\t\t\t\t\t\t\t\t\t\t\t\t<\/a>\n\t\t\t\t\t\t\t\t\t\t\t\t\t\t\t\t\t\t\t<\/li>\n\t\t\t\t\t\t\t\n\t\t\t\t\t\t\t\t\t\t\t<\/ul>\n\n\t\t\t\t<\/div>\n\n\t\t\t<\/div>\n\n\t\t\t\t\t\t<\/div>\n\t\t\t\t<\/div>\n\t\t\t\t\t<\/div>\n\t\t<\/div>\n\t\t\t\t<div class=\"elementor-column elementor-col-50 elementor-inner-column elementor-element elementor-element-8ce25de\" data-id=\"8ce25de\" data-element_type=\"column\">\n\t\t\t<div class=\"elementor-widget-wrap elementor-element-populated\">\n\t\t\t\t\t\t<div class=\"elementor-element elementor-element-959668d elementor-widget elementor-widget-vedhak_elementor_contact_info\" data-id=\"959668d\" data-element_type=\"widget\" data-widget_type=\"vedhak_elementor_contact_info.default\">\n\t\t\t\t<div class=\"elementor-widget-container\">\n\t\t\t\t\t\t\t\t<div class=\"ova-contact-info\">\n\t\t\t\t\n\t\t\t\t\t\t\t    \t<div class=\"icon\">\n\t\t\t\t\t\t<i aria-hidden=\"true\" class=\"ovaicon ovaicon-mail\"><\/i>\t\t\t\t\t<\/div>\n\t\t\t    \t\t\t\t\n\t\t\t\t<div class=\"contact\">\n\t\t\t\t\t\n\t\t\t\t\t\t\t\t\t\t\t<div class=\"label\">\n\t\t\t\t\t\t\tEmail\t\t\t\t\t\t<\/div>\n\t\t\t\t\t\n\t\t\t\t\t<ul class=\"info\">\n\t\t\t\t\t\t\n\t\t\t\t\t\t\t\t<li class=\"item\">\n\t\t\t\t\t\t\t\t\t\t\t\t\t\t\t\t\t\t\t\t\t<a href=\"mailto:info@stensagercamping.dk \" title=\"email\">\n\t\t\t\t\t\t\t\t\t\t\t\t\tinfo@stensagercamping.dk\t\t\t\t\t\t\t\t\t\t\t\t<\/a>\n\t\t\t\t\t\t\t\t\t\t\t\t\t\t\t\t\t\t\t<\/li>\n\t\t\t\t\t\t\t\n\t\t\t\t\t\t\t\t\t\t\t<\/ul>\n\n\t\t\t\t<\/div>\n\n\t\t\t<\/div>\n\n\t\t\t\t\t\t<\/div>\n\t\t\t\t<\/div>\n\t\t\t\t<div class=\"elementor-element elementor-element-ad8c17b elementor-shape-circle elementor-widget__width-initial e-grid-align-left elementor-grid-0 elementor-widget elementor-widget-social-icons\" data-id=\"ad8c17b\" data-element_type=\"widget\" data-widget_type=\"social-icons.default\">\n\t\t\t\t<div class=\"elementor-widget-container\">\n\t\t\t\t\t\t\t<div class=\"elementor-social-icons-wrapper elementor-grid\">\n\t\t\t\t\t\t\t<span class=\"elementor-grid-item\">\n\t\t\t\t\t<a class=\"elementor-icon elementor-social-icon elementor-social-icon-facebook-f elementor-repeater-item-a94f909\" href=\"https:\/\/www.facebook.com\/Stensager-strand-camping-106202216086948\/\" target=\"_blank\">\n\t\t\t\t\t\t<span class=\"elementor-screen-only\">Facebook-f<\/span>\n\t\t\t\t\t\t<svg aria-hidden=\"true\" class=\"e-font-icon-svg e-fab-facebook-f\" viewBox=\"0 0 320 512\" xmlns=\"http:\/\/www.w3.org\/2000\/svg\"><path d=\"M279.14 288l14.22-92.66h-88.91v-60.13c0-25.35 12.42-50.06 52.24-50.06h40.42V6.26S260.43 0 225.36 0c-73.22 0-121.08 44.38-121.08 124.72v70.62H22.89V288h81.39v224h100.17V288z\"><\/path><\/svg>\t\t\t\t\t<\/a>\n\t\t\t\t<\/span>\n\t\t\t\t\t<\/div>\n\t\t\t\t\t\t<\/div>\n\t\t\t\t<\/div>\n\t\t\t\t\t<\/div>\n\t\t<\/div>\n\t\t\t\t\t<\/div>\n\t\t<\/section>\n\t\t\t\t\t<\/div>\n\t\t<\/div>\n\t\t\t\t\t<\/div>\n\t\t<\/section>\n\t\t\t\t<section class=\"elementor-section elementor-top-section elementor-element elementor-element-4fca9f0 elementor-section-boxed elementor-section-height-default elementor-section-height-default\" data-id=\"4fca9f0\" data-element_type=\"section\">\n\t\t\t\t\t\t<div class=\"elementor-container elementor-column-gap-no\">\n\t\t\t\t\t<div class=\"elementor-column elementor-col-100 elementor-top-column elementor-element elementor-element-7af2fd0\" data-id=\"7af2fd0\" data-element_type=\"column\">\n\t\t\t<div class=\"elementor-widget-wrap elementor-element-populated\">\n\t\t\t\t\t\t<div class=\"elementor-element elementor-element-99d3fbf elementor-widget elementor-widget-google_maps\" data-id=\"99d3fbf\" data-element_type=\"widget\" data-widget_type=\"google_maps.default\">\n\t\t\t\t<div class=\"elementor-widget-container\">\n\t\t\t\t\t\t\t<div class=\"elementor-custom-embed\">\n\t\t\t<iframe loading=\"lazy\"\n\t\t\t\t\tsrc=\"https:\/\/maps.google.com\/maps?q=Oluf%20Ravnsvej%2016&#038;t=m&#038;z=11&#038;output=embed&#038;iwloc=near\"\n\t\t\t\t\ttitle=\"Oluf Ravnsvej 16\"\n\t\t\t\t\taria-label=\"Oluf Ravnsvej 16\"\n\t\t\t><\/iframe>\n\t\t<\/div>\n\t\t\t\t\t\t<\/div>\n\t\t\t\t<\/div>\n\t\t\t\t\t<\/div>\n\t\t<\/div>\n\t\t\t\t\t<\/div>\n\t\t<\/section>\n\t\t\t\t<\/div>\n\t\t","protected":false},"excerpt":{"rendered":"<p>Kontaktieren Sie uns Wir sind gerne f\u00fcr Sie da und beraten Sie gerne f\u00fcr den perfekten Familienurlaub Sie k\u00f6nnen anrufen, schreiben oder vorbeikommen, um zu erfahren, was wir anbieten k\u00f6nnen. Adresse Oluf Ravns Vej 16, Binderup Strand, 6091 Bjert Telefon +45 75 57 22 31 Email info@stensagercamping.dk Facebook-f<\/p>\n","protected":false},"author":1,"featured_media":0,"parent":0,"menu_order":0,"comment_status":"closed","ping_status":"closed","template":"elementor_header_footer","meta":{"footnotes":""},"class_list":["post-5601","page","type-page","status-publish","hentry"],"yoast_head":"<!-- This site is optimized with the Yoast SEO plugin v26.8 - https:\/\/yoast.com\/product\/yoast-seo-wordpress\/ -->\n<title>Kontakt - Stensager Strand Camping<\/title>\n<meta name=\"robots\" content=\"index, follow, max-snippet:-1, max-image-preview:large, max-video-preview:-1\" \/>\n<link rel=\"canonical\" href=\"https:\/\/stensagercamping.dk\/de\/kontakt\/\" \/>\n<meta property=\"og:locale\" content=\"de_DE\" \/>\n<meta property=\"og:type\" content=\"article\" \/>\n<meta property=\"og:title\" content=\"Kontakt - Stensager Strand Camping\" \/>\n<meta property=\"og:description\" content=\"Kontaktieren Sie uns Wir sind gerne f\u00fcr Sie da und beraten Sie gerne f\u00fcr den perfekten Familienurlaub Sie k\u00f6nnen anrufen, schreiben oder vorbeikommen, um zu erfahren, was wir anbieten k\u00f6nnen. Adresse Oluf Ravns Vej 16, Binderup Strand, 6091 Bjert Telefon +45 75 57 22 31 Email info@stensagercamping.dk Facebook-f\" \/>\n<meta property=\"og:url\" content=\"https:\/\/stensagercamping.dk\/de\/kontakt\/\" \/>\n<meta property=\"og:site_name\" content=\"Stensager Strand Camping\" \/>\n<meta property=\"article:modified_time\" content=\"2025-01-30T09:11:16+00:00\" \/>\n<meta name=\"twitter:card\" content=\"summary_large_image\" \/>\n<script type=\"application\/ld+json\" class=\"yoast-schema-graph\">{\"@context\":\"https:\/\/schema.org\",\"@graph\":[{\"@type\":\"WebPage\",\"@id\":\"https:\/\/stensagercamping.dk\/de\/kontakt\/\",\"url\":\"https:\/\/stensagercamping.dk\/de\/kontakt\/\",\"name\":\"Kontakt - Stensager Strand Camping\",\"isPartOf\":{\"@id\":\"https:\/\/stensagercamping.dk\/#website\"},\"datePublished\":\"2023-03-14T10:02:04+00:00\",\"dateModified\":\"2025-01-30T09:11:16+00:00\",\"breadcrumb\":{\"@id\":\"https:\/\/stensagercamping.dk\/de\/kontakt\/#breadcrumb\"},\"inLanguage\":\"de\",\"potentialAction\":[{\"@type\":\"ReadAction\",\"target\":[\"https:\/\/stensagercamping.dk\/de\/kontakt\/\"]}]},{\"@type\":\"BreadcrumbList\",\"@id\":\"https:\/\/stensagercamping.dk\/de\/kontakt\/#breadcrumb\",\"itemListElement\":[{\"@type\":\"ListItem\",\"position\":1,\"name\":\"Hjem\",\"item\":\"https:\/\/stensagercamping.dk\/de\/\"},{\"@type\":\"ListItem\",\"position\":2,\"name\":\"Kontakt\"}]},{\"@type\":\"WebSite\",\"@id\":\"https:\/\/stensagercamping.dk\/#website\",\"url\":\"https:\/\/stensagercamping.dk\/\",\"name\":\"Stensager Strand Camping\",\"description\":\"T&aelig;t p&aring; Kolding i S&oslash;nderjylland\",\"potentialAction\":[{\"@type\":\"SearchAction\",\"target\":{\"@type\":\"EntryPoint\",\"urlTemplate\":\"https:\/\/stensagercamping.dk\/?s={search_term_string}\"},\"query-input\":{\"@type\":\"PropertyValueSpecification\",\"valueRequired\":true,\"valueName\":\"search_term_string\"}}],\"inLanguage\":\"de\"}]}<\/script>\n<!-- \/ Yoast SEO plugin. -->","yoast_head_json":{"title":"Kontakt - Stensager Strand Camping","robots":{"index":"index","follow":"follow","max-snippet":"max-snippet:-1","max-image-preview":"max-image-preview:large","max-video-preview":"max-video-preview:-1"},"canonical":"https:\/\/stensagercamping.dk\/de\/kontakt\/","og_locale":"de_DE","og_type":"article","og_title":"Kontakt - Stensager Strand Camping","og_description":"Kontaktieren Sie uns Wir sind gerne f\u00fcr Sie da und beraten Sie gerne f\u00fcr den perfekten Familienurlaub Sie k\u00f6nnen anrufen, schreiben oder vorbeikommen, um zu erfahren, was wir anbieten k\u00f6nnen. Adresse Oluf Ravns Vej 16, Binderup Strand, 6091 Bjert Telefon +45 75 57 22 31 Email info@stensagercamping.dk Facebook-f","og_url":"https:\/\/stensagercamping.dk\/de\/kontakt\/","og_site_name":"Stensager Strand Camping","article_modified_time":"2025-01-30T09:11:16+00:00","twitter_card":"summary_large_image","schema":{"@context":"https:\/\/schema.org","@graph":[{"@type":"WebPage","@id":"https:\/\/stensagercamping.dk\/de\/kontakt\/","url":"https:\/\/stensagercamping.dk\/de\/kontakt\/","name":"Kontakt - Stensager Strand Camping","isPartOf":{"@id":"https:\/\/stensagercamping.dk\/#website"},"datePublished":"2023-03-14T10:02:04+00:00","dateModified":"2025-01-30T09:11:16+00:00","breadcrumb":{"@id":"https:\/\/stensagercamping.dk\/de\/kontakt\/#breadcrumb"},"inLanguage":"de","potentialAction":[{"@type":"ReadAction","target":["https:\/\/stensagercamping.dk\/de\/kontakt\/"]}]},{"@type":"BreadcrumbList","@id":"https:\/\/stensagercamping.dk\/de\/kontakt\/#breadcrumb","itemListElement":[{"@type":"ListItem","position":1,"name":"Hjem","item":"https:\/\/stensagercamping.dk\/de\/"},{"@type":"ListItem","position":2,"name":"Kontakt"}]},{"@type":"WebSite","@id":"https:\/\/stensagercamping.dk\/#website","url":"https:\/\/stensagercamping.dk\/","name":"Stensager Strand Camping","description":"T&aelig;t p&aring; Kolding i S&oslash;nderjylland","potentialAction":[{"@type":"SearchAction","target":{"@type":"EntryPoint","urlTemplate":"https:\/\/stensagercamping.dk\/?s={search_term_string}"},"query-input":{"@type":"PropertyValueSpecification","valueRequired":true,"valueName":"search_term_string"}}],"inLanguage":"de"}]}},"_links":{"self":[{"href":"https:\/\/stensagercamping.dk\/de\/wp-json\/wp\/v2\/pages\/5601","targetHints":{"allow":["GET"]}}],"collection":[{"href":"https:\/\/stensagercamping.dk\/de\/wp-json\/wp\/v2\/pages"}],"about":[{"href":"https:\/\/stensagercamping.dk\/de\/wp-json\/wp\/v2\/types\/page"}],"author":[{"embeddable":true,"href":"https:\/\/stensagercamping.dk\/de\/wp-json\/wp\/v2\/users\/1"}],"replies":[{"embeddable":true,"href":"https:\/\/stensagercamping.dk\/de\/wp-json\/wp\/v2\/comments?post=5601"}],"version-history":[{"count":4,"href":"https:\/\/stensagercamping.dk\/de\/wp-json\/wp\/v2\/pages\/5601\/revisions"}],"predecessor-version":[{"id":5689,"href":"https:\/\/stensagercamping.dk\/de\/wp-json\/wp\/v2\/pages\/5601\/revisions\/5689"}],"wp:attachment":[{"href":"https:\/\/stensagercamping.dk\/de\/wp-json\/wp\/v2\/media?parent=5601"}],"curies":[{"name":"wp","href":"https:\/\/api.w.org\/{rel}","templated":true}]}}