{"id":5605,"date":"2025-01-02T12:04:24","date_gmt":"2025-01-02T12:04:24","guid":{"rendered":"https:\/\/stensagercamping.dk\/udviklingssite\/praktisch\/cookie-und-datenschutzrichtlinie\/"},"modified":"2025-01-30T09:17:27","modified_gmt":"2025-01-30T09:17:27","slug":"cookie-und-datenschutzrichtlinie","status":"publish","type":"page","link":"https:\/\/stensagercamping.dk\/de\/praktisch\/cookie-und-datenschutzrichtlinie\/","title":{"rendered":"Cookie- und Datenschutzrichtlinie"},"content":{"rendered":"\t\t<div data-elementor-type=\"wp-page\" data-elementor-id=\"5605\" class=\"elementor elementor-5605 elementor-4224\">\n\t\t\t\t\t\t<section class=\"elementor-section elementor-top-section elementor-element elementor-element-db3568b elementor-section-boxed elementor-section-height-default elementor-section-height-default\" data-id=\"db3568b\" data-element_type=\"section\">\n\t\t\t\t\t\t<div class=\"elementor-container elementor-column-gap-default\">\n\t\t\t\t\t<div class=\"elementor-column elementor-col-100 elementor-top-column elementor-element elementor-element-6c51a12\" data-id=\"6c51a12\" data-element_type=\"column\">\n\t\t\t<div class=\"elementor-widget-wrap elementor-element-populated\">\n\t\t\t\t\t\t<div class=\"elementor-element elementor-element-c395727 elementor-widget elementor-widget-vedhak_elementor_heading\" data-id=\"c395727\" data-element_type=\"widget\" data-widget_type=\"vedhak_elementor_heading.default\">\n\t\t\t\t<div class=\"elementor-widget-container\">\n\t\t\t\t\t\n\t\t\t<div class=\"ova-heading template1\">\n\n\t\t\t\t\n\t\t\t\t\n\t\t\t\t\t\n\t\t\t\t\t\t<h3 class=\"title\"><span class=\"title-bold\">Cookies und\n<\/span><span class=\"title-normal\">Datenschutzrichtlinie<\/span><\/h3>\n\n\t\t\t\t\t\n\n\t\t\t\t\t\t\t\t\t\n\t\t\t\t\n\t\t\t\t\n\t\t\t\t\t\n\t\t\t\t\n\t\t\t<\/div>\n\n\t\t\t\t\t\t<\/div>\n\t\t\t\t<\/div>\n\t\t\t\t<div class=\"elementor-element elementor-element-ded4d01 elementor-widget elementor-widget-text-editor\" data-id=\"ded4d01\" data-element_type=\"widget\" data-widget_type=\"text-editor.default\">\n\t\t\t\t<div class=\"elementor-widget-container\">\n\t\t\t\t\t\t\t\t\t<p>Diese Website \u2013 stensagercamping.dk \u2013 verwendet Cookies f\u00fcr die folgenden Zwecke:<\/p>\n<p>\u2013 Technische Funktionalit\u00e4t, damit wir Ihre Pr\u00e4ferenzen speichern k\u00f6nnen.<br \/>\u2013 Verkehrsmessung, damit wir wissen, wie viele Leute unsere Site besuchen.<\/p>\n<h4>\u00dcberblick:<\/h4>\n<p>1. Informationen zum Eigent\u00fcmer<br \/>2. Was sind Cookies?<br \/>2.1 Wie lange werden Cookies gespeichert?<br \/>2.2 So l\u00f6schen Sie Cookies<br \/>2.3 So vermeiden Sie Cookies<br \/>2.4 Wof\u00fcr werden Cookies auf unserer Website verwendet?<br \/>2.5 Google Analytics (Verkehrsmessung)<br \/>3. Verwendung personenbezogener Daten<br \/>3.1 Kontakt bez\u00fcglich pers\u00f6nliche Informationen<br \/>3.2 Schutz personenbezogener Daten<\/p>\n<h4>1. Informationen zum Eigent\u00fcmer<\/h4>\n<p>Diese Website wird angeboten von:<\/p>\n<p>Stensager Strand Camping<br \/>Oluf Ravnsvej 16<br \/>Binderup Strand<br \/>6091 Bjert<\/p>\n<p>Tel. (+45) 75 57 22 31<br \/>E-Mail: info@stensagercamping.dk<\/p>\n<h4>2. Cookies<\/h4>\n<p>Diese Website verwendet Cookies f\u00fcr die oben genannten Zwecke. Ein Cookie ist eine kleine Textdatei, die in Ihrem Browser gespeichert wird und dazu dient, Ihren Computer bei erneuten Besuchen wiederzuerkennen. In unseren Cookies werden keine personenbezogenen Daten gespeichert und sie k\u00f6nnen keine Viren enthalten.  <\/p>\n<p>2.1 Wie lange werden Cookies gespeichert?<br \/>Cookies l\u00f6schen sich nach einer bestimmten Anzahl von Monaten (kann variieren), werden aber nach jedem Besuch erneuert.<\/p>\n<p>2.2 So l\u00f6schen Sie Cookies<br \/>Anweisungen finden Sie hier: <a href=\"http:\/\/minecookies.org\/cookiehandtering\" target=\"_blank\" rel=\"noopener\">http:\/\/minecookies.org\/cookiehandtering<\/a><\/p>\n<p>2.3 Wie vermeide ich Cookies?<br \/>Wenn Sie keine Cookies erhalten m\u00f6chten, k\u00f6nnen Sie diese blockieren. Anweisungen finden Sie hier: <a href=\"http:\/\/minecookies.org\/cookiehandtering\" target=\"_blank\" rel=\"noopener\">http:\/\/minecookies.org\/cookiehandtering<\/a> <\/p>\n<p>2.4 Wof\u00fcr werden Cookies auf stensagercamping.dk verwendet?<br \/>Cookies werden verwendet, um Statistiken \u00fcber die Anzahl der Benutzer zu f\u00fchren.<\/p>\n<p>Die Website verwendet Cookies von einem der folgenden Drittanbieter, die Zugriff auf die betreffenden Cookies haben:<\/p>\n<p>2.5 Google Analytics (Verkehrsmessung)<\/p>\n<p>Die Website nutzt Cookies von Google Analytics, um den Verkehr auf der Website zu messen.<\/p>\n<p>Sie k\u00f6nnen Cookies von Google Analytics hier deaktivieren: <a href=\"http:\/\/tools.google.com\/dlpage\/gaoptout\" target=\"_blank\" rel=\"noopener\">http:\/\/tools.google.com\/dlpage\/gaoptout<\/a>.<\/p>\n<h4>3. Verwendung personenbezogener Daten<\/h4>\n<p>Eine Weitergabe personenbezogener Daten an Dritte erfolgt nicht, sofern Sie nicht ausdr\u00fccklich darin eingewilligt haben und wir erfassen auch nicht personenbezogene Daten, ohne dass Sie uns diese Daten bei einer Registrierung, einem Einkauf, der Teilnahme an einer Umfrage o. \u00e4. zur Verf\u00fcgung gestellt haben. Hierbei werden Informationen zu Name, Adresse, PLZ, Firma, E-Mail und Telefonnummer erhoben.<\/p>\n<p>Personenbezogene Daten werden verwendet, um den Kauf oder die Dienstleistung abzuschlie\u00dfen, f\u00fcr die die Daten erhoben wurden. Die Informationen werden auch verwendet, um Sie und andere Benutzer der Website besser zu verstehen. Diese Verwendung kann Folgendes umfassen: Dazu geh\u00f6ren Untersuchungen und Analysen zur Verbesserung unserer Produkte, Dienstleistungen und Technologien sowie die Anzeige von Inhalten und Werbung, die auf Ihre Interessen und Hobbys zugeschnitten sind.  <\/p>\n<p>3.1 Kontakt bez\u00fcglich pers\u00f6nliche Informationen<br \/>Wenn Sie Zugriff auf die bei Stensager Strand Camping \u00fcber Sie registrierten Informationen w\u00fcnschen, wenden Sie sich bitte an info@stensagercamping.dk oder rufen Sie +45 75 57 22 31 an. Wenn falsche Daten registriert wurden oder Sie andere Einw\u00e4nde haben, k\u00f6nnen Sie Sie k\u00f6nnen Kontaktieren Sie denselben Ort. Sie haben die M\u00f6glichkeit, Einsicht in die \u00fcber Sie registrierten Daten zu nehmen und k\u00f6nnen einer Registrierung gem\u00e4\u00df den Bestimmungen des Datenschutzgesetzes widersprechen. <\/p>\n<p>3.2 Schutz personenbezogener Daten<br \/>Gem\u00e4\u00df dem Datenschutzgesetz m\u00fcssen Ihre pers\u00f6nlichen Daten sicher und vertraulich behandelt werden. Wir speichern Ihre pers\u00f6nlichen Daten auf Computern mit eingeschr\u00e4nktem Zugriff in kontrollierten Einrichtungen und unsere Sicherheitsma\u00dfnahmen werden regelm\u00e4\u00dfig \u00fcberpr\u00fcft, um festzustellen, ob unsere Benutzerinformationen angemessen behandelt werden und dabei immer Ihre Rechte als Benutzer gewahrt bleiben. Eine hundertprozentige Sicherheit der Daten\u00fcbertragung \u00fcber das Internet k\u00f6nnen wir allerdings nicht garantieren. Dies bedeutet, dass bei der elektronischen \u00dcbermittlung und Speicherung von Daten die Gefahr besteht, dass Dritte unbefugt Zugriff auf Informationen erhalten. Die \u00dcbermittlung Ihrer personenbezogenen Daten erfolgt daher auf Ihr eigenes Risiko.    <\/p>\n<p>Personenbezogene Daten werden fortlaufend gel\u00f6scht oder anonymisiert, sobald der Zweck, zu dem sie erhoben wurden, erf\u00fcllt ist. Die personenbezogenen Daten werden f\u00fcr die Dauer von maximal 12 Monaten nach der Nutzung gespeichert. <\/p>\n<p>Die rasante Entwicklung des Internets macht es erforderlich, dass wir personenbezogene Daten auch in Zukunft verarbeiten. Wir behalten uns daher das Recht vor, diese Richtlinien zur Verarbeitung personenbezogener Daten zu aktualisieren und zu \u00e4ndern. In diesem Fall korrigieren wir selbstverst\u00e4ndlich das Datum der \u201eletzten Aktualisierung\u201c unten auf der Seite. Im Falle wesentlicher \u00c4nderungen werden wir Sie durch einen sichtbaren Hinweis auf unserer Website darauf aufmerksam machen.   <\/p>\n<p>Soweit personenbezogene Daten \u00fcber Sie verarbeitet werden, haben Sie nach dem Datenschutzgesetz das Recht, dar\u00fcber informiert zu werden, welche personenbezogenen Daten Ihnen zugeordnet werden k\u00f6nnen. Sollte sich herausstellen, dass die \u00fcber Sie verarbeiteten Informationen oder Daten unrichtig oder irref\u00fchrend sind, haben Sie das Recht, deren Berichtigung, L\u00f6schung oder Sperrung zu verlangen. Sie k\u00f6nnen der Verarbeitung Ihrer personenbezogenen Daten jederzeit widersprechen. Sie k\u00f6nnen Ihre Einwilligung dort auch jederzeit widerrufen. Sie haben die M\u00f6glichkeit, sich \u00fcber die Verarbeitung der Sie betreffenden Informationen und Daten zu beschweren. Eine Beschwerde kann bei der d\u00e4nischen Datenschutzbeh\u00f6rde eingereicht werden, vgl. Abschnitt 58(1) des Gesetzes \u00fcber personenbezogene Daten. 1.     <\/p>\n<p>Zuletzt aktualisiert am. 2. Januar 2025 <\/p>\n\t\t\t\t\t\t\t\t<\/div>\n\t\t\t\t<\/div>\n\t\t\t\t\t<\/div>\n\t\t<\/div>\n\t\t\t\t\t<\/div>\n\t\t<\/section>\n\t\t\t\t<\/div>\n\t\t","protected":false},"excerpt":{"rendered":"<p>Cookies und Datenschutzrichtlinie Diese Website \u2013 stensagercamping.dk \u2013 verwendet Cookies f\u00fcr die folgenden Zwecke: \u2013 Technische Funktionalit\u00e4t, damit wir Ihre Pr\u00e4ferenzen speichern k\u00f6nnen.\u2013 Verkehrsmessung, damit wir wissen, wie viele Leute unsere Site besuchen. \u00dcberblick: 1. Informationen zum Eigent\u00fcmer2. Was sind Cookies?2.1 Wie lange werden Cookies gespeichert?2.2 So l\u00f6schen Sie Cookies2.3 So vermeiden Sie Cookies2.4 Wof\u00fcr [&hellip;]<\/p>\n","protected":false},"author":1,"featured_media":0,"parent":5603,"menu_order":0,"comment_status":"closed","ping_status":"closed","template":"elementor_header_footer","meta":{"footnotes":""},"class_list":["post-5605","page","type-page","status-publish","hentry"],"yoast_head":"<!-- This site is optimized with the Yoast SEO plugin v26.8 - https:\/\/yoast.com\/product\/yoast-seo-wordpress\/ -->\n<title>Cookie- und Datenschutzrichtlinie - Stensager Strand Camping<\/title>\n<meta name=\"robots\" content=\"index, follow, max-snippet:-1, max-image-preview:large, max-video-preview:-1\" \/>\n<link rel=\"canonical\" href=\"https:\/\/stensagercamping.dk\/de\/praktisch\/cookie-und-datenschutzrichtlinie\/\" \/>\n<meta property=\"og:locale\" content=\"de_DE\" \/>\n<meta property=\"og:type\" content=\"article\" \/>\n<meta property=\"og:title\" content=\"Cookie- und Datenschutzrichtlinie - Stensager Strand Camping\" \/>\n<meta property=\"og:description\" content=\"Cookies und Datenschutzrichtlinie Diese Website \u2013 stensagercamping.dk \u2013 verwendet Cookies f\u00fcr die folgenden Zwecke: \u2013 Technische Funktionalit\u00e4t, damit wir Ihre Pr\u00e4ferenzen speichern k\u00f6nnen.\u2013 Verkehrsmessung, damit wir wissen, wie viele Leute unsere Site besuchen. \u00dcberblick: 1. Informationen zum Eigent\u00fcmer2. Was sind Cookies?2.1 Wie lange werden Cookies gespeichert?2.2 So l\u00f6schen Sie Cookies2.3 So vermeiden Sie Cookies2.4 Wof\u00fcr [&hellip;]\" \/>\n<meta property=\"og:url\" content=\"https:\/\/stensagercamping.dk\/de\/praktisch\/cookie-und-datenschutzrichtlinie\/\" \/>\n<meta property=\"og:site_name\" content=\"Stensager Strand Camping\" \/>\n<meta property=\"article:modified_time\" content=\"2025-01-30T09:17:27+00:00\" \/>\n<meta name=\"twitter:card\" content=\"summary_large_image\" \/>\n<meta name=\"twitter:label1\" content=\"Gesch\u00e4tzte Lesezeit\" \/>\n\t<meta name=\"twitter:data1\" content=\"4\u00a0Minuten\" \/>\n<script type=\"application\/ld+json\" class=\"yoast-schema-graph\">{\"@context\":\"https:\/\/schema.org\",\"@graph\":[{\"@type\":\"WebPage\",\"@id\":\"https:\/\/stensagercamping.dk\/de\/praktisch\/cookie-und-datenschutzrichtlinie\/\",\"url\":\"https:\/\/stensagercamping.dk\/de\/praktisch\/cookie-und-datenschutzrichtlinie\/\",\"name\":\"Cookie- und Datenschutzrichtlinie - Stensager Strand Camping\",\"isPartOf\":{\"@id\":\"https:\/\/stensagercamping.dk\/#website\"},\"datePublished\":\"2025-01-02T12:04:24+00:00\",\"dateModified\":\"2025-01-30T09:17:27+00:00\",\"breadcrumb\":{\"@id\":\"https:\/\/stensagercamping.dk\/de\/praktisch\/cookie-und-datenschutzrichtlinie\/#breadcrumb\"},\"inLanguage\":\"de\",\"potentialAction\":[{\"@type\":\"ReadAction\",\"target\":[\"https:\/\/stensagercamping.dk\/de\/praktisch\/cookie-und-datenschutzrichtlinie\/\"]}]},{\"@type\":\"BreadcrumbList\",\"@id\":\"https:\/\/stensagercamping.dk\/de\/praktisch\/cookie-und-datenschutzrichtlinie\/#breadcrumb\",\"itemListElement\":[{\"@type\":\"ListItem\",\"position\":1,\"name\":\"Hjem\",\"item\":\"https:\/\/stensagercamping.dk\/de\/\"},{\"@type\":\"ListItem\",\"position\":2,\"name\":\"Praktisch\",\"item\":\"https:\/\/stensagercamping.dk\/de\/praktisch\/\"},{\"@type\":\"ListItem\",\"position\":3,\"name\":\"Cookie- und Datenschutzrichtlinie\"}]},{\"@type\":\"WebSite\",\"@id\":\"https:\/\/stensagercamping.dk\/#website\",\"url\":\"https:\/\/stensagercamping.dk\/\",\"name\":\"Stensager Strand Camping\",\"description\":\"T&aelig;t p&aring; Kolding i S&oslash;nderjylland\",\"potentialAction\":[{\"@type\":\"SearchAction\",\"target\":{\"@type\":\"EntryPoint\",\"urlTemplate\":\"https:\/\/stensagercamping.dk\/?s={search_term_string}\"},\"query-input\":{\"@type\":\"PropertyValueSpecification\",\"valueRequired\":true,\"valueName\":\"search_term_string\"}}],\"inLanguage\":\"de\"}]}<\/script>\n<!-- \/ Yoast SEO plugin. -->","yoast_head_json":{"title":"Cookie- und Datenschutzrichtlinie - Stensager Strand Camping","robots":{"index":"index","follow":"follow","max-snippet":"max-snippet:-1","max-image-preview":"max-image-preview:large","max-video-preview":"max-video-preview:-1"},"canonical":"https:\/\/stensagercamping.dk\/de\/praktisch\/cookie-und-datenschutzrichtlinie\/","og_locale":"de_DE","og_type":"article","og_title":"Cookie- und Datenschutzrichtlinie - Stensager Strand Camping","og_description":"Cookies und Datenschutzrichtlinie Diese Website \u2013 stensagercamping.dk \u2013 verwendet Cookies f\u00fcr die folgenden Zwecke: \u2013 Technische Funktionalit\u00e4t, damit wir Ihre Pr\u00e4ferenzen speichern k\u00f6nnen.\u2013 Verkehrsmessung, damit wir wissen, wie viele Leute unsere Site besuchen. \u00dcberblick: 1. Informationen zum Eigent\u00fcmer2. Was sind Cookies?2.1 Wie lange werden Cookies gespeichert?2.2 So l\u00f6schen Sie Cookies2.3 So vermeiden Sie Cookies2.4 Wof\u00fcr [&hellip;]","og_url":"https:\/\/stensagercamping.dk\/de\/praktisch\/cookie-und-datenschutzrichtlinie\/","og_site_name":"Stensager Strand Camping","article_modified_time":"2025-01-30T09:17:27+00:00","twitter_card":"summary_large_image","twitter_misc":{"Gesch\u00e4tzte Lesezeit":"4\u00a0Minuten"},"schema":{"@context":"https:\/\/schema.org","@graph":[{"@type":"WebPage","@id":"https:\/\/stensagercamping.dk\/de\/praktisch\/cookie-und-datenschutzrichtlinie\/","url":"https:\/\/stensagercamping.dk\/de\/praktisch\/cookie-und-datenschutzrichtlinie\/","name":"Cookie- und Datenschutzrichtlinie - Stensager Strand Camping","isPartOf":{"@id":"https:\/\/stensagercamping.dk\/#website"},"datePublished":"2025-01-02T12:04:24+00:00","dateModified":"2025-01-30T09:17:27+00:00","breadcrumb":{"@id":"https:\/\/stensagercamping.dk\/de\/praktisch\/cookie-und-datenschutzrichtlinie\/#breadcrumb"},"inLanguage":"de","potentialAction":[{"@type":"ReadAction","target":["https:\/\/stensagercamping.dk\/de\/praktisch\/cookie-und-datenschutzrichtlinie\/"]}]},{"@type":"BreadcrumbList","@id":"https:\/\/stensagercamping.dk\/de\/praktisch\/cookie-und-datenschutzrichtlinie\/#breadcrumb","itemListElement":[{"@type":"ListItem","position":1,"name":"Hjem","item":"https:\/\/stensagercamping.dk\/de\/"},{"@type":"ListItem","position":2,"name":"Praktisch","item":"https:\/\/stensagercamping.dk\/de\/praktisch\/"},{"@type":"ListItem","position":3,"name":"Cookie- und Datenschutzrichtlinie"}]},{"@type":"WebSite","@id":"https:\/\/stensagercamping.dk\/#website","url":"https:\/\/stensagercamping.dk\/","name":"Stensager Strand Camping","description":"T&aelig;t p&aring; Kolding i S&oslash;nderjylland","potentialAction":[{"@type":"SearchAction","target":{"@type":"EntryPoint","urlTemplate":"https:\/\/stensagercamping.dk\/?s={search_term_string}"},"query-input":{"@type":"PropertyValueSpecification","valueRequired":true,"valueName":"search_term_string"}}],"inLanguage":"de"}]}},"_links":{"self":[{"href":"https:\/\/stensagercamping.dk\/de\/wp-json\/wp\/v2\/pages\/5605","targetHints":{"allow":["GET"]}}],"collection":[{"href":"https:\/\/stensagercamping.dk\/de\/wp-json\/wp\/v2\/pages"}],"about":[{"href":"https:\/\/stensagercamping.dk\/de\/wp-json\/wp\/v2\/types\/page"}],"author":[{"embeddable":true,"href":"https:\/\/stensagercamping.dk\/de\/wp-json\/wp\/v2\/users\/1"}],"replies":[{"embeddable":true,"href":"https:\/\/stensagercamping.dk\/de\/wp-json\/wp\/v2\/comments?post=5605"}],"version-history":[{"count":4,"href":"https:\/\/stensagercamping.dk\/de\/wp-json\/wp\/v2\/pages\/5605\/revisions"}],"predecessor-version":[{"id":5704,"href":"https:\/\/stensagercamping.dk\/de\/wp-json\/wp\/v2\/pages\/5605\/revisions\/5704"}],"up":[{"embeddable":true,"href":"https:\/\/stensagercamping.dk\/de\/wp-json\/wp\/v2\/pages\/5603"}],"wp:attachment":[{"href":"https:\/\/stensagercamping.dk\/de\/wp-json\/wp\/v2\/media?parent=5605"}],"curies":[{"name":"wp","href":"https:\/\/api.w.org\/{rel}","templated":true}]}}