{"id":5719,"date":"2025-01-02T10:44:24","date_gmt":"2025-01-02T10:44:24","guid":{"rendered":"https:\/\/stensagercamping.dk\/udviklingssite\/camping\/skamlingsbanken\/"},"modified":"2025-01-02T10:44:24","modified_gmt":"2025-01-02T10:44:24","slug":"skamlingsbanken","status":"publish","type":"product","link":"https:\/\/stensagercamping.dk\/de\/camping\/skamlingsbanken\/","title":{"rendered":"Skamlingsbanken"},"content":{"rendered":"<p>Wenn Sie und Ihre Familie die Natur lieben, ist Stensager Strand Camping der perfekte Ort f\u00fcr Ihren Urlaub. Bis zur Spitze des Skamlingsbanken sind es weniger als 2 Kilometer und die Fahrt f\u00fchrt durch einen wundersch\u00f6nen Buchenwald entlang von Odderb\u00e6k. Skamlingsbanken ist eine Gedenkst\u00e4tte unter anderem aus dem Ersten Weltkrieg, wo die d\u00e4nisch-deutsche Grenze etwa f\u00fcnf Kilometer s\u00fcdlich von Skamlingsbanken bei Christiansfeld verlief. Damit die in Deutschland lebenden D\u00e4nen ihre \u201eHeimat\u201c sehen konnten, errichteten die umliegenden Bauern auf der h\u00f6chsten Anh\u00f6he des Skamlingsbanken eine Steins\u00e4ule. Auf der Steins\u00e4ule ganz oben befindet sich ein sch\u00f6nes Restaurant mit \u00c0-la-carte-Men\u00fc. Betr\u00fcgen Sie sich nicht selbst, indem Sie die Skamlingsbanken besuchen. <strong>Adresse<\/strong><br \/>\nSkamlingvejen 123, 6093 Sj\u00f8lund <\/p>\n<p><strong>Website<\/strong><br \/>\n<a href=\"http:\/\/www.skamlingsbanken.info\/\">www.skamlingsbanken.info<\/a><\/p>\n","protected":false},"excerpt":{"rendered":"<p>Nur noch 2 Kilometer bis zum Gipfel.<\/p>\n","protected":false},"featured_media":5169,"comment_status":"closed","ping_status":"closed","template":"","meta":[],"product_brand":[],"product_cat":[77,74],"product_tag":[],"class_list":{"0":"post-5719","1":"product","2":"type-product","3":"status-publish","4":"has-post-thumbnail","6":"product_cat-1-25-km-de","7":"product_cat-erlebnisse","9":"first","10":"instock","11":"shipping-taxable","12":"purchasable","13":"product-type-ovabrw_car_rental"},"yoast_head":"<!-- This site is optimized with the Yoast SEO plugin v26.8 - https:\/\/yoast.com\/product\/yoast-seo-wordpress\/ -->\n<title>Skamlingsbanken - Stensager Strand Camping<\/title>\n<meta name=\"robots\" content=\"index, follow, max-snippet:-1, max-image-preview:large, max-video-preview:-1\" \/>\n<link rel=\"canonical\" href=\"https:\/\/stensagercamping.dk\/de\/camping\/skamlingsbanken\/\" \/>\n<meta property=\"og:locale\" content=\"de_DE\" \/>\n<meta property=\"og:type\" content=\"article\" \/>\n<meta property=\"og:title\" content=\"Skamlingsbanken - Stensager Strand Camping\" \/>\n<meta property=\"og:description\" content=\"Nur noch 2 Kilometer bis zum Gipfel.\" \/>\n<meta property=\"og:url\" content=\"https:\/\/stensagercamping.dk\/de\/camping\/skamlingsbanken\/\" \/>\n<meta property=\"og:site_name\" content=\"Stensager Strand Camping\" \/>\n<meta property=\"og:image\" content=\"https:\/\/stensagercamping.dk\/wp-content\/uploads\/2025\/01\/skamling1.jpg\" \/>\n\t<meta property=\"og:image:width\" content=\"625\" \/>\n\t<meta property=\"og:image:height\" content=\"400\" \/>\n\t<meta property=\"og:image:type\" content=\"image\/jpeg\" \/>\n<meta name=\"twitter:card\" content=\"summary_large_image\" \/>\n<meta name=\"twitter:label1\" content=\"Gesch\u00e4tzte Lesezeit\" \/>\n\t<meta name=\"twitter:data1\" content=\"1\u00a0Minute\" \/>\n<script type=\"application\/ld+json\" class=\"yoast-schema-graph\">{\"@context\":\"https:\/\/schema.org\",\"@graph\":[{\"@type\":\"WebPage\",\"@id\":\"https:\/\/stensagercamping.dk\/de\/camping\/skamlingsbanken\/\",\"url\":\"https:\/\/stensagercamping.dk\/de\/camping\/skamlingsbanken\/\",\"name\":\"Skamlingsbanken - Stensager Strand Camping\",\"isPartOf\":{\"@id\":\"https:\/\/stensagercamping.dk\/#website\"},\"primaryImageOfPage\":{\"@id\":\"https:\/\/stensagercamping.dk\/de\/camping\/skamlingsbanken\/#primaryimage\"},\"image\":{\"@id\":\"https:\/\/stensagercamping.dk\/de\/camping\/skamlingsbanken\/#primaryimage\"},\"thumbnailUrl\":\"https:\/\/stensagercamping.dk\/wp-content\/uploads\/2025\/01\/skamling1.jpg\",\"datePublished\":\"2025-01-02T10:44:24+00:00\",\"breadcrumb\":{\"@id\":\"https:\/\/stensagercamping.dk\/de\/camping\/skamlingsbanken\/#breadcrumb\"},\"inLanguage\":\"de\",\"potentialAction\":[{\"@type\":\"ReadAction\",\"target\":[\"https:\/\/stensagercamping.dk\/de\/camping\/skamlingsbanken\/\"]}]},{\"@type\":\"ImageObject\",\"inLanguage\":\"de\",\"@id\":\"https:\/\/stensagercamping.dk\/de\/camping\/skamlingsbanken\/#primaryimage\",\"url\":\"https:\/\/stensagercamping.dk\/wp-content\/uploads\/2025\/01\/skamling1.jpg\",\"contentUrl\":\"https:\/\/stensagercamping.dk\/wp-content\/uploads\/2025\/01\/skamling1.jpg\",\"width\":625,\"height\":400},{\"@type\":\"BreadcrumbList\",\"@id\":\"https:\/\/stensagercamping.dk\/de\/camping\/skamlingsbanken\/#breadcrumb\",\"itemListElement\":[{\"@type\":\"ListItem\",\"position\":1,\"name\":\"Hjem\",\"item\":\"https:\/\/stensagercamping.dk\/de\/\"},{\"@type\":\"ListItem\",\"position\":2,\"name\":\"Shop\",\"item\":\"https:\/\/stensagercamping.dk\/de\/shop\/\"},{\"@type\":\"ListItem\",\"position\":3,\"name\":\"Skamlingsbanken\"}]},{\"@type\":\"WebSite\",\"@id\":\"https:\/\/stensagercamping.dk\/#website\",\"url\":\"https:\/\/stensagercamping.dk\/\",\"name\":\"Stensager Strand Camping\",\"description\":\"T&aelig;t p&aring; Kolding i S&oslash;nderjylland\",\"potentialAction\":[{\"@type\":\"SearchAction\",\"target\":{\"@type\":\"EntryPoint\",\"urlTemplate\":\"https:\/\/stensagercamping.dk\/?s={search_term_string}\"},\"query-input\":{\"@type\":\"PropertyValueSpecification\",\"valueRequired\":true,\"valueName\":\"search_term_string\"}}],\"inLanguage\":\"de\"}]}<\/script>\n<!-- \/ Yoast SEO plugin. -->","yoast_head_json":{"title":"Skamlingsbanken - Stensager Strand Camping","robots":{"index":"index","follow":"follow","max-snippet":"max-snippet:-1","max-image-preview":"max-image-preview:large","max-video-preview":"max-video-preview:-1"},"canonical":"https:\/\/stensagercamping.dk\/de\/camping\/skamlingsbanken\/","og_locale":"de_DE","og_type":"article","og_title":"Skamlingsbanken - Stensager Strand Camping","og_description":"Nur noch 2 Kilometer bis zum Gipfel.","og_url":"https:\/\/stensagercamping.dk\/de\/camping\/skamlingsbanken\/","og_site_name":"Stensager Strand Camping","og_image":[{"width":625,"height":400,"url":"https:\/\/stensagercamping.dk\/wp-content\/uploads\/2025\/01\/skamling1.jpg","type":"image\/jpeg"}],"twitter_card":"summary_large_image","twitter_misc":{"Gesch\u00e4tzte Lesezeit":"1\u00a0Minute"},"schema":{"@context":"https:\/\/schema.org","@graph":[{"@type":"WebPage","@id":"https:\/\/stensagercamping.dk\/de\/camping\/skamlingsbanken\/","url":"https:\/\/stensagercamping.dk\/de\/camping\/skamlingsbanken\/","name":"Skamlingsbanken - Stensager Strand Camping","isPartOf":{"@id":"https:\/\/stensagercamping.dk\/#website"},"primaryImageOfPage":{"@id":"https:\/\/stensagercamping.dk\/de\/camping\/skamlingsbanken\/#primaryimage"},"image":{"@id":"https:\/\/stensagercamping.dk\/de\/camping\/skamlingsbanken\/#primaryimage"},"thumbnailUrl":"https:\/\/stensagercamping.dk\/wp-content\/uploads\/2025\/01\/skamling1.jpg","datePublished":"2025-01-02T10:44:24+00:00","breadcrumb":{"@id":"https:\/\/stensagercamping.dk\/de\/camping\/skamlingsbanken\/#breadcrumb"},"inLanguage":"de","potentialAction":[{"@type":"ReadAction","target":["https:\/\/stensagercamping.dk\/de\/camping\/skamlingsbanken\/"]}]},{"@type":"ImageObject","inLanguage":"de","@id":"https:\/\/stensagercamping.dk\/de\/camping\/skamlingsbanken\/#primaryimage","url":"https:\/\/stensagercamping.dk\/wp-content\/uploads\/2025\/01\/skamling1.jpg","contentUrl":"https:\/\/stensagercamping.dk\/wp-content\/uploads\/2025\/01\/skamling1.jpg","width":625,"height":400},{"@type":"BreadcrumbList","@id":"https:\/\/stensagercamping.dk\/de\/camping\/skamlingsbanken\/#breadcrumb","itemListElement":[{"@type":"ListItem","position":1,"name":"Hjem","item":"https:\/\/stensagercamping.dk\/de\/"},{"@type":"ListItem","position":2,"name":"Shop","item":"https:\/\/stensagercamping.dk\/de\/shop\/"},{"@type":"ListItem","position":3,"name":"Skamlingsbanken"}]},{"@type":"WebSite","@id":"https:\/\/stensagercamping.dk\/#website","url":"https:\/\/stensagercamping.dk\/","name":"Stensager Strand Camping","description":"T&aelig;t p&aring; Kolding i S&oslash;nderjylland","potentialAction":[{"@type":"SearchAction","target":{"@type":"EntryPoint","urlTemplate":"https:\/\/stensagercamping.dk\/?s={search_term_string}"},"query-input":{"@type":"PropertyValueSpecification","valueRequired":true,"valueName":"search_term_string"}}],"inLanguage":"de"}]}},"_links":{"self":[{"href":"https:\/\/stensagercamping.dk\/de\/wp-json\/wp\/v2\/product\/5719","targetHints":{"allow":["GET"]}}],"collection":[{"href":"https:\/\/stensagercamping.dk\/de\/wp-json\/wp\/v2\/product"}],"about":[{"href":"https:\/\/stensagercamping.dk\/de\/wp-json\/wp\/v2\/types\/product"}],"replies":[{"embeddable":true,"href":"https:\/\/stensagercamping.dk\/de\/wp-json\/wp\/v2\/comments?post=5719"}],"wp:featuredmedia":[{"embeddable":true,"href":"https:\/\/stensagercamping.dk\/de\/wp-json\/wp\/v2\/media\/5169"}],"wp:attachment":[{"href":"https:\/\/stensagercamping.dk\/de\/wp-json\/wp\/v2\/media?parent=5719"}],"wp:term":[{"taxonomy":"product_brand","embeddable":true,"href":"https:\/\/stensagercamping.dk\/de\/wp-json\/wp\/v2\/product_brand?post=5719"},{"taxonomy":"product_cat","embeddable":true,"href":"https:\/\/stensagercamping.dk\/de\/wp-json\/wp\/v2\/product_cat?post=5719"},{"taxonomy":"product_tag","embeddable":true,"href":"https:\/\/stensagercamping.dk\/de\/wp-json\/wp\/v2\/product_tag?post=5719"}],"curies":[{"name":"wp","href":"https:\/\/api.w.org\/{rel}","templated":true}]}}