{"id":5721,"date":"2025-01-02T10:39:02","date_gmt":"2025-01-02T10:39:02","guid":{"rendered":"https:\/\/stensagercamping.dk\/udviklingssite\/camping\/universe-science-park\/"},"modified":"2025-02-05T07:18:20","modified_gmt":"2025-02-05T07:18:20","slug":"universe-science-park","status":"publish","type":"product","link":"https:\/\/stensagercamping.dk\/de\/camping\/universe-science-park\/","title":{"rendered":"Universe Science Park"},"content":{"rendered":"<p>Der Universe Science Park liegt etwa 1 \u00bd Autostunden von Stensager Strand Camping entfernt. Hier gibt es zahlreiche M\u00f6glichkeiten, lustige Aktivit\u00e4ten auszuprobieren, bei denen Sie spielerisch mit Wissenschaft und Technologie umgehen k\u00f6nnen. Der Park bietet eine F\u00fclle seltsamer, wilder und lehrreicher Erlebnisse, die Sie nicht vergessen werden. Wenn Sie auf der Suche nach Spannung sind, sollten Sie den Segway-Parcours ausprobieren, bei dem Sie eine Strecke nach den Anweisungen eines Guides fahren. Sie k\u00f6nnen Lunchpakete mitbringen oder Essen in einem der Restaurants kaufen.<\/p>\n<p><strong>Adresse<\/strong><br \/>\nUniverse Science Park<br \/>\nMads Patent Vej 1<br \/>\n6430 Nordborg<br \/>\nTelefon +45 88819500<\/p>\n<p><strong>Website<\/strong><br \/>\n<a href=\"http:\/\/universe.dk\" target=\"_blank\" rel=\"noopener\">www.universe.dk<\/a><\/p>\n","protected":false},"excerpt":{"rendered":"<p>Unterhaltsame Aktivit\u00e4ten mit Wissenschaft und Technologie.<\/p>\n","protected":false},"featured_media":5121,"comment_status":"closed","ping_status":"closed","template":"","meta":[],"product_brand":[],"product_cat":[78,74],"product_tag":[],"class_list":{"0":"post-5721","1":"product","2":"type-product","3":"status-publish","4":"has-post-thumbnail","6":"product_cat-26-100-km-de","7":"product_cat-erlebnisse","9":"first","10":"instock","11":"shipping-taxable","12":"purchasable","13":"product-type-ovabrw_car_rental"},"yoast_head":"<!-- This site is optimized with the Yoast SEO plugin v26.8 - https:\/\/yoast.com\/product\/yoast-seo-wordpress\/ -->\n<title>Universe Science Park - Stensager Strand Camping<\/title>\n<meta name=\"robots\" content=\"index, follow, max-snippet:-1, max-image-preview:large, max-video-preview:-1\" \/>\n<link rel=\"canonical\" href=\"https:\/\/stensagercamping.dk\/de\/camping\/universe-science-park\/\" \/>\n<meta property=\"og:locale\" content=\"de_DE\" \/>\n<meta property=\"og:type\" content=\"article\" \/>\n<meta property=\"og:title\" content=\"Universe Science Park - Stensager Strand Camping\" \/>\n<meta property=\"og:description\" content=\"Unterhaltsame Aktivit\u00e4ten mit Wissenschaft und Technologie.\" \/>\n<meta property=\"og:url\" content=\"https:\/\/stensagercamping.dk\/de\/camping\/universe-science-park\/\" \/>\n<meta property=\"og:site_name\" content=\"Stensager Strand Camping\" \/>\n<meta property=\"article:modified_time\" content=\"2025-02-05T07:18:20+00:00\" \/>\n<meta property=\"og:image\" content=\"https:\/\/stensagercamping.dk\/wp-content\/uploads\/2025\/01\/universe4.jpg\" \/>\n\t<meta property=\"og:image:width\" content=\"1024\" \/>\n\t<meta property=\"og:image:height\" content=\"682\" \/>\n\t<meta property=\"og:image:type\" content=\"image\/jpeg\" \/>\n<meta name=\"twitter:card\" content=\"summary_large_image\" \/>\n<script type=\"application\/ld+json\" class=\"yoast-schema-graph\">{\"@context\":\"https:\/\/schema.org\",\"@graph\":[{\"@type\":\"WebPage\",\"@id\":\"https:\/\/stensagercamping.dk\/de\/camping\/universe-science-park\/\",\"url\":\"https:\/\/stensagercamping.dk\/de\/camping\/universe-science-park\/\",\"name\":\"Universe Science Park - Stensager Strand Camping\",\"isPartOf\":{\"@id\":\"https:\/\/stensagercamping.dk\/#website\"},\"primaryImageOfPage\":{\"@id\":\"https:\/\/stensagercamping.dk\/de\/camping\/universe-science-park\/#primaryimage\"},\"image\":{\"@id\":\"https:\/\/stensagercamping.dk\/de\/camping\/universe-science-park\/#primaryimage\"},\"thumbnailUrl\":\"https:\/\/stensagercamping.dk\/wp-content\/uploads\/2025\/01\/universe4.jpg\",\"datePublished\":\"2025-01-02T10:39:02+00:00\",\"dateModified\":\"2025-02-05T07:18:20+00:00\",\"breadcrumb\":{\"@id\":\"https:\/\/stensagercamping.dk\/de\/camping\/universe-science-park\/#breadcrumb\"},\"inLanguage\":\"de\",\"potentialAction\":[{\"@type\":\"ReadAction\",\"target\":[\"https:\/\/stensagercamping.dk\/de\/camping\/universe-science-park\/\"]}]},{\"@type\":\"ImageObject\",\"inLanguage\":\"de\",\"@id\":\"https:\/\/stensagercamping.dk\/de\/camping\/universe-science-park\/#primaryimage\",\"url\":\"https:\/\/stensagercamping.dk\/wp-content\/uploads\/2025\/01\/universe4.jpg\",\"contentUrl\":\"https:\/\/stensagercamping.dk\/wp-content\/uploads\/2025\/01\/universe4.jpg\",\"width\":1024,\"height\":682},{\"@type\":\"BreadcrumbList\",\"@id\":\"https:\/\/stensagercamping.dk\/de\/camping\/universe-science-park\/#breadcrumb\",\"itemListElement\":[{\"@type\":\"ListItem\",\"position\":1,\"name\":\"Hjem\",\"item\":\"https:\/\/stensagercamping.dk\/de\/\"},{\"@type\":\"ListItem\",\"position\":2,\"name\":\"Shop\",\"item\":\"https:\/\/stensagercamping.dk\/de\/shop\/\"},{\"@type\":\"ListItem\",\"position\":3,\"name\":\"Universe Science Park\"}]},{\"@type\":\"WebSite\",\"@id\":\"https:\/\/stensagercamping.dk\/#website\",\"url\":\"https:\/\/stensagercamping.dk\/\",\"name\":\"Stensager Strand Camping\",\"description\":\"T&aelig;t p&aring; Kolding i S&oslash;nderjylland\",\"potentialAction\":[{\"@type\":\"SearchAction\",\"target\":{\"@type\":\"EntryPoint\",\"urlTemplate\":\"https:\/\/stensagercamping.dk\/?s={search_term_string}\"},\"query-input\":{\"@type\":\"PropertyValueSpecification\",\"valueRequired\":true,\"valueName\":\"search_term_string\"}}],\"inLanguage\":\"de\"}]}<\/script>\n<!-- \/ Yoast SEO plugin. -->","yoast_head_json":{"title":"Universe Science Park - Stensager Strand Camping","robots":{"index":"index","follow":"follow","max-snippet":"max-snippet:-1","max-image-preview":"max-image-preview:large","max-video-preview":"max-video-preview:-1"},"canonical":"https:\/\/stensagercamping.dk\/de\/camping\/universe-science-park\/","og_locale":"de_DE","og_type":"article","og_title":"Universe Science Park - Stensager Strand Camping","og_description":"Unterhaltsame Aktivit\u00e4ten mit Wissenschaft und Technologie.","og_url":"https:\/\/stensagercamping.dk\/de\/camping\/universe-science-park\/","og_site_name":"Stensager Strand Camping","article_modified_time":"2025-02-05T07:18:20+00:00","og_image":[{"width":1024,"height":682,"url":"https:\/\/stensagercamping.dk\/wp-content\/uploads\/2025\/01\/universe4.jpg","type":"image\/jpeg"}],"twitter_card":"summary_large_image","schema":{"@context":"https:\/\/schema.org","@graph":[{"@type":"WebPage","@id":"https:\/\/stensagercamping.dk\/de\/camping\/universe-science-park\/","url":"https:\/\/stensagercamping.dk\/de\/camping\/universe-science-park\/","name":"Universe Science Park - Stensager Strand Camping","isPartOf":{"@id":"https:\/\/stensagercamping.dk\/#website"},"primaryImageOfPage":{"@id":"https:\/\/stensagercamping.dk\/de\/camping\/universe-science-park\/#primaryimage"},"image":{"@id":"https:\/\/stensagercamping.dk\/de\/camping\/universe-science-park\/#primaryimage"},"thumbnailUrl":"https:\/\/stensagercamping.dk\/wp-content\/uploads\/2025\/01\/universe4.jpg","datePublished":"2025-01-02T10:39:02+00:00","dateModified":"2025-02-05T07:18:20+00:00","breadcrumb":{"@id":"https:\/\/stensagercamping.dk\/de\/camping\/universe-science-park\/#breadcrumb"},"inLanguage":"de","potentialAction":[{"@type":"ReadAction","target":["https:\/\/stensagercamping.dk\/de\/camping\/universe-science-park\/"]}]},{"@type":"ImageObject","inLanguage":"de","@id":"https:\/\/stensagercamping.dk\/de\/camping\/universe-science-park\/#primaryimage","url":"https:\/\/stensagercamping.dk\/wp-content\/uploads\/2025\/01\/universe4.jpg","contentUrl":"https:\/\/stensagercamping.dk\/wp-content\/uploads\/2025\/01\/universe4.jpg","width":1024,"height":682},{"@type":"BreadcrumbList","@id":"https:\/\/stensagercamping.dk\/de\/camping\/universe-science-park\/#breadcrumb","itemListElement":[{"@type":"ListItem","position":1,"name":"Hjem","item":"https:\/\/stensagercamping.dk\/de\/"},{"@type":"ListItem","position":2,"name":"Shop","item":"https:\/\/stensagercamping.dk\/de\/shop\/"},{"@type":"ListItem","position":3,"name":"Universe Science Park"}]},{"@type":"WebSite","@id":"https:\/\/stensagercamping.dk\/#website","url":"https:\/\/stensagercamping.dk\/","name":"Stensager Strand Camping","description":"T&aelig;t p&aring; Kolding i S&oslash;nderjylland","potentialAction":[{"@type":"SearchAction","target":{"@type":"EntryPoint","urlTemplate":"https:\/\/stensagercamping.dk\/?s={search_term_string}"},"query-input":{"@type":"PropertyValueSpecification","valueRequired":true,"valueName":"search_term_string"}}],"inLanguage":"de"}]}},"_links":{"self":[{"href":"https:\/\/stensagercamping.dk\/de\/wp-json\/wp\/v2\/product\/5721","targetHints":{"allow":["GET"]}}],"collection":[{"href":"https:\/\/stensagercamping.dk\/de\/wp-json\/wp\/v2\/product"}],"about":[{"href":"https:\/\/stensagercamping.dk\/de\/wp-json\/wp\/v2\/types\/product"}],"replies":[{"embeddable":true,"href":"https:\/\/stensagercamping.dk\/de\/wp-json\/wp\/v2\/comments?post=5721"}],"wp:featuredmedia":[{"embeddable":true,"href":"https:\/\/stensagercamping.dk\/de\/wp-json\/wp\/v2\/media\/5121"}],"wp:attachment":[{"href":"https:\/\/stensagercamping.dk\/de\/wp-json\/wp\/v2\/media?parent=5721"}],"wp:term":[{"taxonomy":"product_brand","embeddable":true,"href":"https:\/\/stensagercamping.dk\/de\/wp-json\/wp\/v2\/product_brand?post=5721"},{"taxonomy":"product_cat","embeddable":true,"href":"https:\/\/stensagercamping.dk\/de\/wp-json\/wp\/v2\/product_cat?post=5721"},{"taxonomy":"product_tag","embeddable":true,"href":"https:\/\/stensagercamping.dk\/de\/wp-json\/wp\/v2\/product_tag?post=5721"}],"curies":[{"name":"wp","href":"https:\/\/api.w.org\/{rel}","templated":true}]}}