{"id":5722,"date":"2025-01-02T10:37:17","date_gmt":"2025-01-02T10:37:17","guid":{"rendered":"https:\/\/stensagercamping.dk\/udviklingssite\/camping\/givskud-zoo\/"},"modified":"2025-02-03T07:33:33","modified_gmt":"2025-02-03T07:33:33","slug":"givskud-zoo","status":"publish","type":"product","link":"https:\/\/stensagercamping.dk\/de\/camping\/givskud-zoo\/","title":{"rendered":"Givskud Zoo"},"content":{"rendered":"<p>Der Givskud Zoo ist ein fantastischer Tierpark, in dem Sie exotische Tiere aus der N\u00e4he erleben und beim F\u00fcttern helfen k\u00f6nnen. Sie k\u00f6nnen au\u00dferdem mit der Bahn durch den Park fahren, sich auf den Spielpl\u00e4tzen vergn\u00fcgen und an vielen anderen spannenden Aktivit\u00e4ten teilnehmen. Wer sich traut, kann auch mit dem eigenen Auto bis zu den L\u00f6wen vorfahren. Packen Sie sich also ein Mittagessen ein oder genie\u00dfen Sie das Essen in einem der Restaurants und erleben Sie spannende Tiere aus vielen verschiedenen L\u00e4ndern.<\/p>\n<p><strong>Adresse<\/strong><br \/>\nGivskud Zoo<br \/>\nL\u00f8veparkvej 3<br \/>\n7323 Give<br \/>\nTelefon +45 75 73 02 22<\/p>\n<p><strong>Website<\/strong><br \/>\n<a href=\"http:\/\/www.givskudzoo.dk\" target=\"_blank\" rel=\"noopener\">www.givskudzoo.dk<\/a><\/p>\n","protected":false},"excerpt":{"rendered":"<p>Kommen Sie den exotischen Tieren ganz nah.<\/p>\n","protected":false},"featured_media":5109,"comment_status":"closed","ping_status":"closed","template":"","meta":[],"product_brand":[],"product_cat":[78,74],"product_tag":[],"class_list":{"0":"post-5722","1":"product","2":"type-product","3":"status-publish","4":"has-post-thumbnail","6":"product_cat-26-100-km-de","7":"product_cat-erlebnisse","9":"first","10":"instock","11":"shipping-taxable","12":"purchasable","13":"product-type-ovabrw_car_rental"},"yoast_head":"<!-- This site is optimized with the Yoast SEO plugin v26.8 - https:\/\/yoast.com\/product\/yoast-seo-wordpress\/ -->\n<title>Givskud Zoo - Stensager Strand Camping<\/title>\n<meta name=\"robots\" content=\"index, follow, max-snippet:-1, max-image-preview:large, max-video-preview:-1\" \/>\n<link rel=\"canonical\" href=\"https:\/\/stensagercamping.dk\/de\/camping\/givskud-zoo\/\" \/>\n<meta property=\"og:locale\" content=\"de_DE\" \/>\n<meta property=\"og:type\" content=\"article\" \/>\n<meta property=\"og:title\" content=\"Givskud Zoo - Stensager Strand Camping\" \/>\n<meta property=\"og:description\" content=\"Kommen Sie den exotischen Tieren ganz nah.\" \/>\n<meta property=\"og:url\" content=\"https:\/\/stensagercamping.dk\/de\/camping\/givskud-zoo\/\" \/>\n<meta property=\"og:site_name\" content=\"Stensager Strand Camping\" \/>\n<meta property=\"article:modified_time\" content=\"2025-02-03T07:33:33+00:00\" \/>\n<meta property=\"og:image\" content=\"https:\/\/stensagercamping.dk\/wp-content\/uploads\/2025\/01\/givskud3.jpeg\" \/>\n\t<meta property=\"og:image:width\" content=\"1024\" \/>\n\t<meta property=\"og:image:height\" content=\"576\" \/>\n\t<meta property=\"og:image:type\" content=\"image\/jpeg\" \/>\n<meta name=\"twitter:card\" content=\"summary_large_image\" \/>\n<meta name=\"twitter:label1\" content=\"Gesch\u00e4tzte Lesezeit\" \/>\n\t<meta name=\"twitter:data1\" content=\"1\u00a0Minute\" \/>\n<script type=\"application\/ld+json\" class=\"yoast-schema-graph\">{\"@context\":\"https:\/\/schema.org\",\"@graph\":[{\"@type\":\"WebPage\",\"@id\":\"https:\/\/stensagercamping.dk\/de\/camping\/givskud-zoo\/\",\"url\":\"https:\/\/stensagercamping.dk\/de\/camping\/givskud-zoo\/\",\"name\":\"Givskud Zoo - Stensager Strand Camping\",\"isPartOf\":{\"@id\":\"https:\/\/stensagercamping.dk\/#website\"},\"primaryImageOfPage\":{\"@id\":\"https:\/\/stensagercamping.dk\/de\/camping\/givskud-zoo\/#primaryimage\"},\"image\":{\"@id\":\"https:\/\/stensagercamping.dk\/de\/camping\/givskud-zoo\/#primaryimage\"},\"thumbnailUrl\":\"https:\/\/stensagercamping.dk\/wp-content\/uploads\/2025\/01\/givskud3.jpeg\",\"datePublished\":\"2025-01-02T10:37:17+00:00\",\"dateModified\":\"2025-02-03T07:33:33+00:00\",\"breadcrumb\":{\"@id\":\"https:\/\/stensagercamping.dk\/de\/camping\/givskud-zoo\/#breadcrumb\"},\"inLanguage\":\"de\",\"potentialAction\":[{\"@type\":\"ReadAction\",\"target\":[\"https:\/\/stensagercamping.dk\/de\/camping\/givskud-zoo\/\"]}]},{\"@type\":\"ImageObject\",\"inLanguage\":\"de\",\"@id\":\"https:\/\/stensagercamping.dk\/de\/camping\/givskud-zoo\/#primaryimage\",\"url\":\"https:\/\/stensagercamping.dk\/wp-content\/uploads\/2025\/01\/givskud3.jpeg\",\"contentUrl\":\"https:\/\/stensagercamping.dk\/wp-content\/uploads\/2025\/01\/givskud3.jpeg\",\"width\":1024,\"height\":576},{\"@type\":\"BreadcrumbList\",\"@id\":\"https:\/\/stensagercamping.dk\/de\/camping\/givskud-zoo\/#breadcrumb\",\"itemListElement\":[{\"@type\":\"ListItem\",\"position\":1,\"name\":\"Hjem\",\"item\":\"https:\/\/stensagercamping.dk\/de\/\"},{\"@type\":\"ListItem\",\"position\":2,\"name\":\"Shop\",\"item\":\"https:\/\/stensagercamping.dk\/de\/shop\/\"},{\"@type\":\"ListItem\",\"position\":3,\"name\":\"Givskud Zoo\"}]},{\"@type\":\"WebSite\",\"@id\":\"https:\/\/stensagercamping.dk\/#website\",\"url\":\"https:\/\/stensagercamping.dk\/\",\"name\":\"Stensager Strand Camping\",\"description\":\"T&aelig;t p&aring; Kolding i S&oslash;nderjylland\",\"potentialAction\":[{\"@type\":\"SearchAction\",\"target\":{\"@type\":\"EntryPoint\",\"urlTemplate\":\"https:\/\/stensagercamping.dk\/?s={search_term_string}\"},\"query-input\":{\"@type\":\"PropertyValueSpecification\",\"valueRequired\":true,\"valueName\":\"search_term_string\"}}],\"inLanguage\":\"de\"}]}<\/script>\n<!-- \/ Yoast SEO plugin. -->","yoast_head_json":{"title":"Givskud Zoo - Stensager Strand Camping","robots":{"index":"index","follow":"follow","max-snippet":"max-snippet:-1","max-image-preview":"max-image-preview:large","max-video-preview":"max-video-preview:-1"},"canonical":"https:\/\/stensagercamping.dk\/de\/camping\/givskud-zoo\/","og_locale":"de_DE","og_type":"article","og_title":"Givskud Zoo - Stensager Strand Camping","og_description":"Kommen Sie den exotischen Tieren ganz nah.","og_url":"https:\/\/stensagercamping.dk\/de\/camping\/givskud-zoo\/","og_site_name":"Stensager Strand Camping","article_modified_time":"2025-02-03T07:33:33+00:00","og_image":[{"width":1024,"height":576,"url":"https:\/\/stensagercamping.dk\/wp-content\/uploads\/2025\/01\/givskud3.jpeg","type":"image\/jpeg"}],"twitter_card":"summary_large_image","twitter_misc":{"Gesch\u00e4tzte Lesezeit":"1\u00a0Minute"},"schema":{"@context":"https:\/\/schema.org","@graph":[{"@type":"WebPage","@id":"https:\/\/stensagercamping.dk\/de\/camping\/givskud-zoo\/","url":"https:\/\/stensagercamping.dk\/de\/camping\/givskud-zoo\/","name":"Givskud Zoo - Stensager Strand Camping","isPartOf":{"@id":"https:\/\/stensagercamping.dk\/#website"},"primaryImageOfPage":{"@id":"https:\/\/stensagercamping.dk\/de\/camping\/givskud-zoo\/#primaryimage"},"image":{"@id":"https:\/\/stensagercamping.dk\/de\/camping\/givskud-zoo\/#primaryimage"},"thumbnailUrl":"https:\/\/stensagercamping.dk\/wp-content\/uploads\/2025\/01\/givskud3.jpeg","datePublished":"2025-01-02T10:37:17+00:00","dateModified":"2025-02-03T07:33:33+00:00","breadcrumb":{"@id":"https:\/\/stensagercamping.dk\/de\/camping\/givskud-zoo\/#breadcrumb"},"inLanguage":"de","potentialAction":[{"@type":"ReadAction","target":["https:\/\/stensagercamping.dk\/de\/camping\/givskud-zoo\/"]}]},{"@type":"ImageObject","inLanguage":"de","@id":"https:\/\/stensagercamping.dk\/de\/camping\/givskud-zoo\/#primaryimage","url":"https:\/\/stensagercamping.dk\/wp-content\/uploads\/2025\/01\/givskud3.jpeg","contentUrl":"https:\/\/stensagercamping.dk\/wp-content\/uploads\/2025\/01\/givskud3.jpeg","width":1024,"height":576},{"@type":"BreadcrumbList","@id":"https:\/\/stensagercamping.dk\/de\/camping\/givskud-zoo\/#breadcrumb","itemListElement":[{"@type":"ListItem","position":1,"name":"Hjem","item":"https:\/\/stensagercamping.dk\/de\/"},{"@type":"ListItem","position":2,"name":"Shop","item":"https:\/\/stensagercamping.dk\/de\/shop\/"},{"@type":"ListItem","position":3,"name":"Givskud Zoo"}]},{"@type":"WebSite","@id":"https:\/\/stensagercamping.dk\/#website","url":"https:\/\/stensagercamping.dk\/","name":"Stensager Strand Camping","description":"T&aelig;t p&aring; Kolding i S&oslash;nderjylland","potentialAction":[{"@type":"SearchAction","target":{"@type":"EntryPoint","urlTemplate":"https:\/\/stensagercamping.dk\/?s={search_term_string}"},"query-input":{"@type":"PropertyValueSpecification","valueRequired":true,"valueName":"search_term_string"}}],"inLanguage":"de"}]}},"_links":{"self":[{"href":"https:\/\/stensagercamping.dk\/de\/wp-json\/wp\/v2\/product\/5722","targetHints":{"allow":["GET"]}}],"collection":[{"href":"https:\/\/stensagercamping.dk\/de\/wp-json\/wp\/v2\/product"}],"about":[{"href":"https:\/\/stensagercamping.dk\/de\/wp-json\/wp\/v2\/types\/product"}],"replies":[{"embeddable":true,"href":"https:\/\/stensagercamping.dk\/de\/wp-json\/wp\/v2\/comments?post=5722"}],"wp:featuredmedia":[{"embeddable":true,"href":"https:\/\/stensagercamping.dk\/de\/wp-json\/wp\/v2\/media\/5109"}],"wp:attachment":[{"href":"https:\/\/stensagercamping.dk\/de\/wp-json\/wp\/v2\/media?parent=5722"}],"wp:term":[{"taxonomy":"product_brand","embeddable":true,"href":"https:\/\/stensagercamping.dk\/de\/wp-json\/wp\/v2\/product_brand?post=5722"},{"taxonomy":"product_cat","embeddable":true,"href":"https:\/\/stensagercamping.dk\/de\/wp-json\/wp\/v2\/product_cat?post=5722"},{"taxonomy":"product_tag","embeddable":true,"href":"https:\/\/stensagercamping.dk\/de\/wp-json\/wp\/v2\/product_tag?post=5722"}],"curies":[{"name":"wp","href":"https:\/\/api.w.org\/{rel}","templated":true}]}}