{"id":5724,"date":"2025-01-02T10:31:19","date_gmt":"2025-01-02T10:31:19","guid":{"rendered":"https:\/\/stensagercamping.dk\/udviklingssite\/camping\/slotssoebadet\/"},"modified":"2025-02-03T07:31:38","modified_gmt":"2025-02-03T07:31:38","slug":"slotssoebadet","status":"publish","type":"product","link":"https:\/\/stensagercamping.dk\/de\/camping\/slotssoebadet\/","title":{"rendered":"Slotss\u00f8badet"},"content":{"rendered":"<h3>Slotss\u00f8badet in Kolding<\/h3>\n<p>Wenn Ihnen die d\u00e4nische Sommerhitze zu schaffen macht, kann die ganze Familie ihren Schwimmdrang im Slotss\u00f8badet in Kolding stillen. Das Bad bietet jede Menge Spa\u00df in den verschiedenen Becken, einen Spielbereich mit flachem Wasser f\u00fcr die Kleinen, ein Warmwasserbecken und vieles mehr. Wer seinen K\u00f6rper trainieren m\u00f6chte, kann im gro\u00dfen Pool ein paar ausgedehnte Runden drehen. Wenn Mama verw\u00f6hnt werden m\u00f6chte, kann sie in Dronning Dorotheas Badstue gehen, das sich im Keller unter dem Slotss\u00f8badet befindet. Hier gibt es jede Menge Wellness und wohltuende Behandlungen f\u00fcr K\u00f6rper und Seele sowie herrliche Entspannung in verschiedenen Pools, Saunen und Dampfb\u00e4dern. In der Sauna k\u00f6nnen Sie einige ihrer k\u00f6stlichen Produkte kaufen.<\/p>\n<p><strong>Adresse<\/strong><br \/>\nSlotss\u00f8badet<br \/>\nHospitalsgade 16<br \/>\n6000 Kolding<\/p>\n<p><strong>Website:<\/strong><br \/>\n<a href=\"http:\/\/ssbad.dk\" target=\"_blank\" rel=\"noopener\">http:\/\/ssbad.dk<\/a><\/p>\n","protected":false},"excerpt":{"rendered":"<p>Befriedigen Sie Ihren Schwimmdrang im Slotss\u00f8badet.<\/p>\n","protected":false},"featured_media":5083,"comment_status":"closed","ping_status":"closed","template":"","meta":[],"product_brand":[],"product_cat":[77,74],"product_tag":[],"class_list":{"0":"post-5724","1":"product","2":"type-product","3":"status-publish","4":"has-post-thumbnail","6":"product_cat-1-25-km-de","7":"product_cat-erlebnisse","9":"first","10":"instock","11":"shipping-taxable","12":"purchasable","13":"product-type-ovabrw_car_rental"},"yoast_head":"<!-- This site is optimized with the Yoast SEO plugin v26.8 - https:\/\/yoast.com\/product\/yoast-seo-wordpress\/ -->\n<title>Slotss\u00f8badet - Stensager Strand Camping<\/title>\n<meta name=\"robots\" content=\"index, follow, max-snippet:-1, max-image-preview:large, max-video-preview:-1\" \/>\n<link rel=\"canonical\" href=\"https:\/\/stensagercamping.dk\/de\/camping\/slotssoebadet\/\" \/>\n<meta property=\"og:locale\" content=\"de_DE\" \/>\n<meta property=\"og:type\" content=\"article\" \/>\n<meta property=\"og:title\" content=\"Slotss\u00f8badet - Stensager Strand Camping\" \/>\n<meta property=\"og:description\" content=\"Befriedigen Sie Ihren Schwimmdrang im Slotss\u00f8badet.\" \/>\n<meta property=\"og:url\" content=\"https:\/\/stensagercamping.dk\/de\/camping\/slotssoebadet\/\" \/>\n<meta property=\"og:site_name\" content=\"Stensager Strand Camping\" \/>\n<meta property=\"article:modified_time\" content=\"2025-02-03T07:31:38+00:00\" \/>\n<meta property=\"og:image\" content=\"https:\/\/stensagercamping.dk\/wp-content\/uploads\/2025\/01\/slotssoebad1.jpeg\" \/>\n\t<meta property=\"og:image:width\" content=\"1024\" \/>\n\t<meta property=\"og:image:height\" content=\"576\" \/>\n\t<meta property=\"og:image:type\" content=\"image\/jpeg\" \/>\n<meta name=\"twitter:card\" content=\"summary_large_image\" \/>\n<meta name=\"twitter:label1\" content=\"Gesch\u00e4tzte Lesezeit\" \/>\n\t<meta name=\"twitter:data1\" content=\"1\u00a0Minute\" \/>\n<script type=\"application\/ld+json\" class=\"yoast-schema-graph\">{\"@context\":\"https:\/\/schema.org\",\"@graph\":[{\"@type\":\"WebPage\",\"@id\":\"https:\/\/stensagercamping.dk\/de\/camping\/slotssoebadet\/\",\"url\":\"https:\/\/stensagercamping.dk\/de\/camping\/slotssoebadet\/\",\"name\":\"Slotss\u00f8badet - Stensager Strand Camping\",\"isPartOf\":{\"@id\":\"https:\/\/stensagercamping.dk\/#website\"},\"primaryImageOfPage\":{\"@id\":\"https:\/\/stensagercamping.dk\/de\/camping\/slotssoebadet\/#primaryimage\"},\"image\":{\"@id\":\"https:\/\/stensagercamping.dk\/de\/camping\/slotssoebadet\/#primaryimage\"},\"thumbnailUrl\":\"https:\/\/stensagercamping.dk\/wp-content\/uploads\/2025\/01\/slotssoebad1.jpeg\",\"datePublished\":\"2025-01-02T10:31:19+00:00\",\"dateModified\":\"2025-02-03T07:31:38+00:00\",\"breadcrumb\":{\"@id\":\"https:\/\/stensagercamping.dk\/de\/camping\/slotssoebadet\/#breadcrumb\"},\"inLanguage\":\"de\",\"potentialAction\":[{\"@type\":\"ReadAction\",\"target\":[\"https:\/\/stensagercamping.dk\/de\/camping\/slotssoebadet\/\"]}]},{\"@type\":\"ImageObject\",\"inLanguage\":\"de\",\"@id\":\"https:\/\/stensagercamping.dk\/de\/camping\/slotssoebadet\/#primaryimage\",\"url\":\"https:\/\/stensagercamping.dk\/wp-content\/uploads\/2025\/01\/slotssoebad1.jpeg\",\"contentUrl\":\"https:\/\/stensagercamping.dk\/wp-content\/uploads\/2025\/01\/slotssoebad1.jpeg\",\"width\":1024,\"height\":576},{\"@type\":\"BreadcrumbList\",\"@id\":\"https:\/\/stensagercamping.dk\/de\/camping\/slotssoebadet\/#breadcrumb\",\"itemListElement\":[{\"@type\":\"ListItem\",\"position\":1,\"name\":\"Hjem\",\"item\":\"https:\/\/stensagercamping.dk\/de\/\"},{\"@type\":\"ListItem\",\"position\":2,\"name\":\"Shop\",\"item\":\"https:\/\/stensagercamping.dk\/de\/shop\/\"},{\"@type\":\"ListItem\",\"position\":3,\"name\":\"Slotss\u00f8badet\"}]},{\"@type\":\"WebSite\",\"@id\":\"https:\/\/stensagercamping.dk\/#website\",\"url\":\"https:\/\/stensagercamping.dk\/\",\"name\":\"Stensager Strand Camping\",\"description\":\"T&aelig;t p&aring; Kolding i S&oslash;nderjylland\",\"potentialAction\":[{\"@type\":\"SearchAction\",\"target\":{\"@type\":\"EntryPoint\",\"urlTemplate\":\"https:\/\/stensagercamping.dk\/?s={search_term_string}\"},\"query-input\":{\"@type\":\"PropertyValueSpecification\",\"valueRequired\":true,\"valueName\":\"search_term_string\"}}],\"inLanguage\":\"de\"}]}<\/script>\n<!-- \/ Yoast SEO plugin. -->","yoast_head_json":{"title":"Slotss\u00f8badet - Stensager Strand Camping","robots":{"index":"index","follow":"follow","max-snippet":"max-snippet:-1","max-image-preview":"max-image-preview:large","max-video-preview":"max-video-preview:-1"},"canonical":"https:\/\/stensagercamping.dk\/de\/camping\/slotssoebadet\/","og_locale":"de_DE","og_type":"article","og_title":"Slotss\u00f8badet - Stensager Strand Camping","og_description":"Befriedigen Sie Ihren Schwimmdrang im Slotss\u00f8badet.","og_url":"https:\/\/stensagercamping.dk\/de\/camping\/slotssoebadet\/","og_site_name":"Stensager Strand Camping","article_modified_time":"2025-02-03T07:31:38+00:00","og_image":[{"width":1024,"height":576,"url":"https:\/\/stensagercamping.dk\/wp-content\/uploads\/2025\/01\/slotssoebad1.jpeg","type":"image\/jpeg"}],"twitter_card":"summary_large_image","twitter_misc":{"Gesch\u00e4tzte Lesezeit":"1\u00a0Minute"},"schema":{"@context":"https:\/\/schema.org","@graph":[{"@type":"WebPage","@id":"https:\/\/stensagercamping.dk\/de\/camping\/slotssoebadet\/","url":"https:\/\/stensagercamping.dk\/de\/camping\/slotssoebadet\/","name":"Slotss\u00f8badet - Stensager Strand Camping","isPartOf":{"@id":"https:\/\/stensagercamping.dk\/#website"},"primaryImageOfPage":{"@id":"https:\/\/stensagercamping.dk\/de\/camping\/slotssoebadet\/#primaryimage"},"image":{"@id":"https:\/\/stensagercamping.dk\/de\/camping\/slotssoebadet\/#primaryimage"},"thumbnailUrl":"https:\/\/stensagercamping.dk\/wp-content\/uploads\/2025\/01\/slotssoebad1.jpeg","datePublished":"2025-01-02T10:31:19+00:00","dateModified":"2025-02-03T07:31:38+00:00","breadcrumb":{"@id":"https:\/\/stensagercamping.dk\/de\/camping\/slotssoebadet\/#breadcrumb"},"inLanguage":"de","potentialAction":[{"@type":"ReadAction","target":["https:\/\/stensagercamping.dk\/de\/camping\/slotssoebadet\/"]}]},{"@type":"ImageObject","inLanguage":"de","@id":"https:\/\/stensagercamping.dk\/de\/camping\/slotssoebadet\/#primaryimage","url":"https:\/\/stensagercamping.dk\/wp-content\/uploads\/2025\/01\/slotssoebad1.jpeg","contentUrl":"https:\/\/stensagercamping.dk\/wp-content\/uploads\/2025\/01\/slotssoebad1.jpeg","width":1024,"height":576},{"@type":"BreadcrumbList","@id":"https:\/\/stensagercamping.dk\/de\/camping\/slotssoebadet\/#breadcrumb","itemListElement":[{"@type":"ListItem","position":1,"name":"Hjem","item":"https:\/\/stensagercamping.dk\/de\/"},{"@type":"ListItem","position":2,"name":"Shop","item":"https:\/\/stensagercamping.dk\/de\/shop\/"},{"@type":"ListItem","position":3,"name":"Slotss\u00f8badet"}]},{"@type":"WebSite","@id":"https:\/\/stensagercamping.dk\/#website","url":"https:\/\/stensagercamping.dk\/","name":"Stensager Strand Camping","description":"T&aelig;t p&aring; Kolding i S&oslash;nderjylland","potentialAction":[{"@type":"SearchAction","target":{"@type":"EntryPoint","urlTemplate":"https:\/\/stensagercamping.dk\/?s={search_term_string}"},"query-input":{"@type":"PropertyValueSpecification","valueRequired":true,"valueName":"search_term_string"}}],"inLanguage":"de"}]}},"_links":{"self":[{"href":"https:\/\/stensagercamping.dk\/de\/wp-json\/wp\/v2\/product\/5724","targetHints":{"allow":["GET"]}}],"collection":[{"href":"https:\/\/stensagercamping.dk\/de\/wp-json\/wp\/v2\/product"}],"about":[{"href":"https:\/\/stensagercamping.dk\/de\/wp-json\/wp\/v2\/types\/product"}],"replies":[{"embeddable":true,"href":"https:\/\/stensagercamping.dk\/de\/wp-json\/wp\/v2\/comments?post=5724"}],"wp:featuredmedia":[{"embeddable":true,"href":"https:\/\/stensagercamping.dk\/de\/wp-json\/wp\/v2\/media\/5083"}],"wp:attachment":[{"href":"https:\/\/stensagercamping.dk\/de\/wp-json\/wp\/v2\/media?parent=5724"}],"wp:term":[{"taxonomy":"product_brand","embeddable":true,"href":"https:\/\/stensagercamping.dk\/de\/wp-json\/wp\/v2\/product_brand?post=5724"},{"taxonomy":"product_cat","embeddable":true,"href":"https:\/\/stensagercamping.dk\/de\/wp-json\/wp\/v2\/product_cat?post=5724"},{"taxonomy":"product_tag","embeddable":true,"href":"https:\/\/stensagercamping.dk\/de\/wp-json\/wp\/v2\/product_tag?post=5724"}],"curies":[{"name":"wp","href":"https:\/\/api.w.org\/{rel}","templated":true}]}}