{"id":5732,"date":"2025-01-02T10:46:45","date_gmt":"2025-01-02T10:46:45","guid":{"rendered":"https:\/\/stensagercamping.dk\/udviklingssite\/camping\/aktivitaeten-fuer-kinder\/"},"modified":"2025-02-03T07:56:29","modified_gmt":"2025-02-03T07:56:29","slug":"aktivitaeten-fuer-kinder","status":"publish","type":"product","link":"https:\/\/stensagercamping.dk\/de\/camping\/aktivitaeten-fuer-kinder\/","title":{"rendered":"Aktivit\u00e4ten f\u00fcr Kinder"},"content":{"rendered":"<div class=\"flex_cell av-21idm0-0c5baf1f827e4f23c2c54cf32f21c41f av-gridrow-cell av_one_half no_margin avia-builder-el-5 el_before_av_cell_one_half avia-builder-el-first avia-full-stretch\">\n<div class=\"flex_cell_inner\">\n<div class=\"flex_column av-nyz4-c1d92ff7897d93c05c3e5e7a81c6b1fe av_one_full avia-builder-el-6 avia-builder-el-no-sibling first flex_column_div av-animated-generic bottom-to-top av-zero-column-padding avia_start_animation avia_start_delayed_animation\">\n<section class=\"av_textblock_section av-1pvs60-07ac9304c3b03122f957a13dd98cd1f3\">\n<div class=\"avia_textblock\">\n<p>In der Hochsaison und in den Ferien bieten wir unseren kleinen G\u00e4sten t\u00e4glich viele lustige Aktivit\u00e4ten. Dies k\u00f6nnen zum Beispiel sein:<\/p>\n<ul>\n<li>Minigolf-Turnier<\/li>\n<li>Kinderschminken<\/li>\n<li>Kreativwerkstatt, in der wir Bilder, Sparschweine, Tassen, Gl\u00e4ser und Masken bemalen.<\/li>\n<li>Lagerfeuernacht (Nach Mittsommernacht veranstalten wir jeden Samstag eine Lagerfeuernacht mit kostenlosem stokkenbrot f\u00fcr alle Kinder und kindlichen Seelen).<\/li>\n<\/ul>\n<p>Unser Aktionskalender ist auf unseren 2 Infoscreens und in der govisit-App einsehbar.<\/p>\n<\/div>\n<\/section>\n<\/div>\n<\/div>\n<\/div>\n","protected":false},"excerpt":{"rendered":"<p>Jeden Tag viele lustige Aktivit\u00e4ten.<\/p>\n","protected":false},"featured_media":5179,"comment_status":"closed","ping_status":"closed","template":"","meta":[],"product_brand":[],"product_cat":[75,74],"product_tag":[],"class_list":{"0":"post-5732","1":"product","2":"type-product","3":"status-publish","4":"has-post-thumbnail","6":"product_cat-auf-dem-platz","7":"product_cat-erlebnisse","9":"first","10":"instock","11":"shipping-taxable","12":"purchasable","13":"product-type-ovabrw_car_rental"},"yoast_head":"<!-- This site is optimized with the Yoast SEO plugin v26.8 - https:\/\/yoast.com\/product\/yoast-seo-wordpress\/ -->\n<title>Aktivit\u00e4ten f\u00fcr Kinder - Stensager Strand Camping<\/title>\n<meta name=\"robots\" content=\"index, follow, max-snippet:-1, max-image-preview:large, max-video-preview:-1\" \/>\n<link rel=\"canonical\" href=\"https:\/\/stensagercamping.dk\/de\/camping\/aktivitaeten-fuer-kinder\/\" \/>\n<meta property=\"og:locale\" content=\"de_DE\" \/>\n<meta property=\"og:type\" content=\"article\" \/>\n<meta property=\"og:title\" content=\"Aktivit\u00e4ten f\u00fcr Kinder - Stensager Strand Camping\" \/>\n<meta property=\"og:description\" content=\"Jeden Tag viele lustige Aktivit\u00e4ten.\" \/>\n<meta property=\"og:url\" content=\"https:\/\/stensagercamping.dk\/de\/camping\/aktivitaeten-fuer-kinder\/\" \/>\n<meta property=\"og:site_name\" content=\"Stensager Strand Camping\" \/>\n<meta property=\"article:modified_time\" content=\"2025-02-03T07:56:29+00:00\" \/>\n<meta property=\"og:image\" content=\"https:\/\/stensagercamping.dk\/wp-content\/uploads\/2025\/01\/aktiviteter2.jpg\" \/>\n\t<meta property=\"og:image:width\" content=\"1200\" \/>\n\t<meta property=\"og:image:height\" content=\"803\" \/>\n\t<meta property=\"og:image:type\" content=\"image\/jpeg\" \/>\n<meta name=\"twitter:card\" content=\"summary_large_image\" \/>\n<script type=\"application\/ld+json\" class=\"yoast-schema-graph\">{\"@context\":\"https:\/\/schema.org\",\"@graph\":[{\"@type\":\"WebPage\",\"@id\":\"https:\/\/stensagercamping.dk\/de\/camping\/aktivitaeten-fuer-kinder\/\",\"url\":\"https:\/\/stensagercamping.dk\/de\/camping\/aktivitaeten-fuer-kinder\/\",\"name\":\"Aktivit\u00e4ten f\u00fcr Kinder - Stensager Strand Camping\",\"isPartOf\":{\"@id\":\"https:\/\/stensagercamping.dk\/#website\"},\"primaryImageOfPage\":{\"@id\":\"https:\/\/stensagercamping.dk\/de\/camping\/aktivitaeten-fuer-kinder\/#primaryimage\"},\"image\":{\"@id\":\"https:\/\/stensagercamping.dk\/de\/camping\/aktivitaeten-fuer-kinder\/#primaryimage\"},\"thumbnailUrl\":\"https:\/\/stensagercamping.dk\/wp-content\/uploads\/2025\/01\/aktiviteter2.jpg\",\"datePublished\":\"2025-01-02T10:46:45+00:00\",\"dateModified\":\"2025-02-03T07:56:29+00:00\",\"breadcrumb\":{\"@id\":\"https:\/\/stensagercamping.dk\/de\/camping\/aktivitaeten-fuer-kinder\/#breadcrumb\"},\"inLanguage\":\"de\",\"potentialAction\":[{\"@type\":\"ReadAction\",\"target\":[\"https:\/\/stensagercamping.dk\/de\/camping\/aktivitaeten-fuer-kinder\/\"]}]},{\"@type\":\"ImageObject\",\"inLanguage\":\"de\",\"@id\":\"https:\/\/stensagercamping.dk\/de\/camping\/aktivitaeten-fuer-kinder\/#primaryimage\",\"url\":\"https:\/\/stensagercamping.dk\/wp-content\/uploads\/2025\/01\/aktiviteter2.jpg\",\"contentUrl\":\"https:\/\/stensagercamping.dk\/wp-content\/uploads\/2025\/01\/aktiviteter2.jpg\",\"width\":1200,\"height\":803},{\"@type\":\"BreadcrumbList\",\"@id\":\"https:\/\/stensagercamping.dk\/de\/camping\/aktivitaeten-fuer-kinder\/#breadcrumb\",\"itemListElement\":[{\"@type\":\"ListItem\",\"position\":1,\"name\":\"Hjem\",\"item\":\"https:\/\/stensagercamping.dk\/de\/\"},{\"@type\":\"ListItem\",\"position\":2,\"name\":\"Shop\",\"item\":\"https:\/\/stensagercamping.dk\/de\/shop\/\"},{\"@type\":\"ListItem\",\"position\":3,\"name\":\"Aktivit\u00e4ten f\u00fcr Kinder\"}]},{\"@type\":\"WebSite\",\"@id\":\"https:\/\/stensagercamping.dk\/#website\",\"url\":\"https:\/\/stensagercamping.dk\/\",\"name\":\"Stensager Strand Camping\",\"description\":\"T&aelig;t p&aring; Kolding i S&oslash;nderjylland\",\"potentialAction\":[{\"@type\":\"SearchAction\",\"target\":{\"@type\":\"EntryPoint\",\"urlTemplate\":\"https:\/\/stensagercamping.dk\/?s={search_term_string}\"},\"query-input\":{\"@type\":\"PropertyValueSpecification\",\"valueRequired\":true,\"valueName\":\"search_term_string\"}}],\"inLanguage\":\"de\"}]}<\/script>\n<!-- \/ Yoast SEO plugin. -->","yoast_head_json":{"title":"Aktivit\u00e4ten f\u00fcr Kinder - Stensager Strand Camping","robots":{"index":"index","follow":"follow","max-snippet":"max-snippet:-1","max-image-preview":"max-image-preview:large","max-video-preview":"max-video-preview:-1"},"canonical":"https:\/\/stensagercamping.dk\/de\/camping\/aktivitaeten-fuer-kinder\/","og_locale":"de_DE","og_type":"article","og_title":"Aktivit\u00e4ten f\u00fcr Kinder - Stensager Strand Camping","og_description":"Jeden Tag viele lustige Aktivit\u00e4ten.","og_url":"https:\/\/stensagercamping.dk\/de\/camping\/aktivitaeten-fuer-kinder\/","og_site_name":"Stensager Strand Camping","article_modified_time":"2025-02-03T07:56:29+00:00","og_image":[{"width":1200,"height":803,"url":"https:\/\/stensagercamping.dk\/wp-content\/uploads\/2025\/01\/aktiviteter2.jpg","type":"image\/jpeg"}],"twitter_card":"summary_large_image","schema":{"@context":"https:\/\/schema.org","@graph":[{"@type":"WebPage","@id":"https:\/\/stensagercamping.dk\/de\/camping\/aktivitaeten-fuer-kinder\/","url":"https:\/\/stensagercamping.dk\/de\/camping\/aktivitaeten-fuer-kinder\/","name":"Aktivit\u00e4ten f\u00fcr Kinder - Stensager Strand Camping","isPartOf":{"@id":"https:\/\/stensagercamping.dk\/#website"},"primaryImageOfPage":{"@id":"https:\/\/stensagercamping.dk\/de\/camping\/aktivitaeten-fuer-kinder\/#primaryimage"},"image":{"@id":"https:\/\/stensagercamping.dk\/de\/camping\/aktivitaeten-fuer-kinder\/#primaryimage"},"thumbnailUrl":"https:\/\/stensagercamping.dk\/wp-content\/uploads\/2025\/01\/aktiviteter2.jpg","datePublished":"2025-01-02T10:46:45+00:00","dateModified":"2025-02-03T07:56:29+00:00","breadcrumb":{"@id":"https:\/\/stensagercamping.dk\/de\/camping\/aktivitaeten-fuer-kinder\/#breadcrumb"},"inLanguage":"de","potentialAction":[{"@type":"ReadAction","target":["https:\/\/stensagercamping.dk\/de\/camping\/aktivitaeten-fuer-kinder\/"]}]},{"@type":"ImageObject","inLanguage":"de","@id":"https:\/\/stensagercamping.dk\/de\/camping\/aktivitaeten-fuer-kinder\/#primaryimage","url":"https:\/\/stensagercamping.dk\/wp-content\/uploads\/2025\/01\/aktiviteter2.jpg","contentUrl":"https:\/\/stensagercamping.dk\/wp-content\/uploads\/2025\/01\/aktiviteter2.jpg","width":1200,"height":803},{"@type":"BreadcrumbList","@id":"https:\/\/stensagercamping.dk\/de\/camping\/aktivitaeten-fuer-kinder\/#breadcrumb","itemListElement":[{"@type":"ListItem","position":1,"name":"Hjem","item":"https:\/\/stensagercamping.dk\/de\/"},{"@type":"ListItem","position":2,"name":"Shop","item":"https:\/\/stensagercamping.dk\/de\/shop\/"},{"@type":"ListItem","position":3,"name":"Aktivit\u00e4ten f\u00fcr Kinder"}]},{"@type":"WebSite","@id":"https:\/\/stensagercamping.dk\/#website","url":"https:\/\/stensagercamping.dk\/","name":"Stensager Strand Camping","description":"T&aelig;t p&aring; Kolding i S&oslash;nderjylland","potentialAction":[{"@type":"SearchAction","target":{"@type":"EntryPoint","urlTemplate":"https:\/\/stensagercamping.dk\/?s={search_term_string}"},"query-input":{"@type":"PropertyValueSpecification","valueRequired":true,"valueName":"search_term_string"}}],"inLanguage":"de"}]}},"_links":{"self":[{"href":"https:\/\/stensagercamping.dk\/de\/wp-json\/wp\/v2\/product\/5732","targetHints":{"allow":["GET"]}}],"collection":[{"href":"https:\/\/stensagercamping.dk\/de\/wp-json\/wp\/v2\/product"}],"about":[{"href":"https:\/\/stensagercamping.dk\/de\/wp-json\/wp\/v2\/types\/product"}],"replies":[{"embeddable":true,"href":"https:\/\/stensagercamping.dk\/de\/wp-json\/wp\/v2\/comments?post=5732"}],"wp:featuredmedia":[{"embeddable":true,"href":"https:\/\/stensagercamping.dk\/de\/wp-json\/wp\/v2\/media\/5179"}],"wp:attachment":[{"href":"https:\/\/stensagercamping.dk\/de\/wp-json\/wp\/v2\/media?parent=5732"}],"wp:term":[{"taxonomy":"product_brand","embeddable":true,"href":"https:\/\/stensagercamping.dk\/de\/wp-json\/wp\/v2\/product_brand?post=5732"},{"taxonomy":"product_cat","embeddable":true,"href":"https:\/\/stensagercamping.dk\/de\/wp-json\/wp\/v2\/product_cat?post=5732"},{"taxonomy":"product_tag","embeddable":true,"href":"https:\/\/stensagercamping.dk\/de\/wp-json\/wp\/v2\/product_tag?post=5732"}],"curies":[{"name":"wp","href":"https:\/\/api.w.org\/{rel}","templated":true}]}}