{"id":5741,"date":"2023-05-08T11:07:10","date_gmt":"2023-05-08T11:07:10","guid":{"rendered":"https:\/\/stensagercamping.dk\/udviklingssite\/camping\/huette\/"},"modified":"2025-02-03T07:42:30","modified_gmt":"2025-02-03T07:42:30","slug":"huette","status":"publish","type":"product","link":"https:\/\/stensagercamping.dk\/de\/camping\/huette\/","title":{"rendered":"H\u00fctte"},"content":{"rendered":"<p>Campingh\u00fctte 15 m2 mit Platz f\u00fcr 4\u20136 Personen. Unsere 15 m\u00b2 gro\u00dfen H\u00fctten sind mit 1\u20132 Lofts mit Schlafgelegenheiten f\u00fcr jeweils zwei Personen ausgestattet, zus\u00e4tzlich gibt es ein Schlafsofa mit Schlafgelegenheiten f\u00fcr 2 Personen, einen Essbereich f\u00fcr vier Personen und eine kleine K\u00fcche mit K\u00fchl- und Gefrierschrank.<\/p>\n<h3>Die H\u00fctte verf\u00fcgen \u00fcber:<\/h3>\n<ul>\n<li>Besteck, Geschirr, T\u00f6pfe und Pfannen<\/li>\n<li>Sch\u00fcsseln, Schneidebretter, Eierbecher, Messer<\/li>\n<li>Kaffeemaschine, Wasserkocher, Toaster<\/li>\n<li>K\u00fchl-\/Gefrierschrank, zwei Kochplatten<\/li>\n<li>Besen, Kehrschaufel, Eimer, Sp\u00fclwanne, Staubsauger<\/li>\n<li>Bettdecken und Kissen<\/li>\n<\/ul>\n<h3>Mitzubringen sind:<\/h3>\n<ul>\n<li>Bettzeug<\/li>\n<li>Handt\u00fccher<\/li>\n<li>Geschirrt\u00fccher<\/li>\n<li>Geschirrt\u00fccher<\/li>\n<\/ul>\n<p>In der Hochsaison k\u00f6nnen die H\u00fctten n\u00fcr wochenweise von Samstag bis Samstag gemietet werden. Im Preis inbegriffen sind vier Personen sowie Strom, Wasser und Heizung.<\/p>\n<h3>Preise<\/h3>\n<p><a href=\"https:\/\/stensagercamping.dk\/priser\/\">Klicken Sie hier, um alle Preise anzuzeigen.<br \/>\n<\/a><\/p>\n","protected":false},"excerpt":{"rendered":"<p>Campingh\u00fctte 15 m2 mit Platz f\u00fcr 4\u20136 Personen.<\/p>\n","protected":false},"featured_media":5249,"comment_status":"closed","ping_status":"closed","template":"","meta":[],"product_brand":[],"product_cat":[79],"product_tag":[],"class_list":{"0":"post-5741","1":"product","2":"type-product","3":"status-publish","4":"has-post-thumbnail","6":"brw_type-camp","7":"brw_type-trailers","8":"brw_zone-zone-a","9":"product_cat-unterkunft","11":"first","12":"instock","13":"shipping-taxable","14":"purchasable","15":"product-type-ovabrw_car_rental"},"yoast_head":"<!-- This site is optimized with the Yoast SEO plugin v26.8 - https:\/\/yoast.com\/product\/yoast-seo-wordpress\/ -->\n<title>H\u00fctte - Stensager Strand Camping<\/title>\n<meta name=\"robots\" content=\"index, follow, max-snippet:-1, max-image-preview:large, max-video-preview:-1\" \/>\n<link rel=\"canonical\" href=\"https:\/\/stensagercamping.dk\/de\/camping\/huette\/\" \/>\n<meta property=\"og:locale\" content=\"de_DE\" \/>\n<meta property=\"og:type\" content=\"article\" \/>\n<meta property=\"og:title\" content=\"H\u00fctte - Stensager Strand Camping\" \/>\n<meta property=\"og:description\" content=\"Campingh\u00fctte 15 m2 mit Platz f\u00fcr 4\u20136 Personen.\" \/>\n<meta property=\"og:url\" content=\"https:\/\/stensagercamping.dk\/de\/camping\/huette\/\" \/>\n<meta property=\"og:site_name\" content=\"Stensager Strand Camping\" \/>\n<meta property=\"article:modified_time\" content=\"2025-02-03T07:42:30+00:00\" \/>\n<meta property=\"og:image\" content=\"https:\/\/stensagercamping.dk\/wp-content\/uploads\/2023\/05\/hytte1-1030x744-1.jpg\" \/>\n\t<meta property=\"og:image:width\" content=\"1030\" \/>\n\t<meta property=\"og:image:height\" content=\"744\" \/>\n\t<meta property=\"og:image:type\" content=\"image\/jpeg\" \/>\n<meta name=\"twitter:card\" content=\"summary_large_image\" \/>\n<meta name=\"twitter:label1\" content=\"Gesch\u00e4tzte Lesezeit\" \/>\n\t<meta name=\"twitter:data1\" content=\"1\u00a0Minute\" \/>\n<script type=\"application\/ld+json\" class=\"yoast-schema-graph\">{\"@context\":\"https:\/\/schema.org\",\"@graph\":[{\"@type\":\"WebPage\",\"@id\":\"https:\/\/stensagercamping.dk\/de\/camping\/huette\/\",\"url\":\"https:\/\/stensagercamping.dk\/de\/camping\/huette\/\",\"name\":\"H\u00fctte - Stensager Strand Camping\",\"isPartOf\":{\"@id\":\"https:\/\/stensagercamping.dk\/#website\"},\"primaryImageOfPage\":{\"@id\":\"https:\/\/stensagercamping.dk\/de\/camping\/huette\/#primaryimage\"},\"image\":{\"@id\":\"https:\/\/stensagercamping.dk\/de\/camping\/huette\/#primaryimage\"},\"thumbnailUrl\":\"https:\/\/stensagercamping.dk\/wp-content\/uploads\/2023\/05\/hytte1-1030x744-1.jpg\",\"datePublished\":\"2023-05-08T11:07:10+00:00\",\"dateModified\":\"2025-02-03T07:42:30+00:00\",\"breadcrumb\":{\"@id\":\"https:\/\/stensagercamping.dk\/de\/camping\/huette\/#breadcrumb\"},\"inLanguage\":\"de\",\"potentialAction\":[{\"@type\":\"ReadAction\",\"target\":[\"https:\/\/stensagercamping.dk\/de\/camping\/huette\/\"]}]},{\"@type\":\"ImageObject\",\"inLanguage\":\"de\",\"@id\":\"https:\/\/stensagercamping.dk\/de\/camping\/huette\/#primaryimage\",\"url\":\"https:\/\/stensagercamping.dk\/wp-content\/uploads\/2023\/05\/hytte1-1030x744-1.jpg\",\"contentUrl\":\"https:\/\/stensagercamping.dk\/wp-content\/uploads\/2023\/05\/hytte1-1030x744-1.jpg\",\"width\":1030,\"height\":744},{\"@type\":\"BreadcrumbList\",\"@id\":\"https:\/\/stensagercamping.dk\/de\/camping\/huette\/#breadcrumb\",\"itemListElement\":[{\"@type\":\"ListItem\",\"position\":1,\"name\":\"Hjem\",\"item\":\"https:\/\/stensagercamping.dk\/de\/\"},{\"@type\":\"ListItem\",\"position\":2,\"name\":\"Shop\",\"item\":\"https:\/\/stensagercamping.dk\/de\/shop\/\"},{\"@type\":\"ListItem\",\"position\":3,\"name\":\"H\u00fctte\"}]},{\"@type\":\"WebSite\",\"@id\":\"https:\/\/stensagercamping.dk\/#website\",\"url\":\"https:\/\/stensagercamping.dk\/\",\"name\":\"Stensager Strand Camping\",\"description\":\"T&aelig;t p&aring; Kolding i S&oslash;nderjylland\",\"potentialAction\":[{\"@type\":\"SearchAction\",\"target\":{\"@type\":\"EntryPoint\",\"urlTemplate\":\"https:\/\/stensagercamping.dk\/?s={search_term_string}\"},\"query-input\":{\"@type\":\"PropertyValueSpecification\",\"valueRequired\":true,\"valueName\":\"search_term_string\"}}],\"inLanguage\":\"de\"}]}<\/script>\n<!-- \/ Yoast SEO plugin. -->","yoast_head_json":{"title":"H\u00fctte - Stensager Strand Camping","robots":{"index":"index","follow":"follow","max-snippet":"max-snippet:-1","max-image-preview":"max-image-preview:large","max-video-preview":"max-video-preview:-1"},"canonical":"https:\/\/stensagercamping.dk\/de\/camping\/huette\/","og_locale":"de_DE","og_type":"article","og_title":"H\u00fctte - Stensager Strand Camping","og_description":"Campingh\u00fctte 15 m2 mit Platz f\u00fcr 4\u20136 Personen.","og_url":"https:\/\/stensagercamping.dk\/de\/camping\/huette\/","og_site_name":"Stensager Strand Camping","article_modified_time":"2025-02-03T07:42:30+00:00","og_image":[{"width":1030,"height":744,"url":"https:\/\/stensagercamping.dk\/wp-content\/uploads\/2023\/05\/hytte1-1030x744-1.jpg","type":"image\/jpeg"}],"twitter_card":"summary_large_image","twitter_misc":{"Gesch\u00e4tzte Lesezeit":"1\u00a0Minute"},"schema":{"@context":"https:\/\/schema.org","@graph":[{"@type":"WebPage","@id":"https:\/\/stensagercamping.dk\/de\/camping\/huette\/","url":"https:\/\/stensagercamping.dk\/de\/camping\/huette\/","name":"H\u00fctte - Stensager Strand Camping","isPartOf":{"@id":"https:\/\/stensagercamping.dk\/#website"},"primaryImageOfPage":{"@id":"https:\/\/stensagercamping.dk\/de\/camping\/huette\/#primaryimage"},"image":{"@id":"https:\/\/stensagercamping.dk\/de\/camping\/huette\/#primaryimage"},"thumbnailUrl":"https:\/\/stensagercamping.dk\/wp-content\/uploads\/2023\/05\/hytte1-1030x744-1.jpg","datePublished":"2023-05-08T11:07:10+00:00","dateModified":"2025-02-03T07:42:30+00:00","breadcrumb":{"@id":"https:\/\/stensagercamping.dk\/de\/camping\/huette\/#breadcrumb"},"inLanguage":"de","potentialAction":[{"@type":"ReadAction","target":["https:\/\/stensagercamping.dk\/de\/camping\/huette\/"]}]},{"@type":"ImageObject","inLanguage":"de","@id":"https:\/\/stensagercamping.dk\/de\/camping\/huette\/#primaryimage","url":"https:\/\/stensagercamping.dk\/wp-content\/uploads\/2023\/05\/hytte1-1030x744-1.jpg","contentUrl":"https:\/\/stensagercamping.dk\/wp-content\/uploads\/2023\/05\/hytte1-1030x744-1.jpg","width":1030,"height":744},{"@type":"BreadcrumbList","@id":"https:\/\/stensagercamping.dk\/de\/camping\/huette\/#breadcrumb","itemListElement":[{"@type":"ListItem","position":1,"name":"Hjem","item":"https:\/\/stensagercamping.dk\/de\/"},{"@type":"ListItem","position":2,"name":"Shop","item":"https:\/\/stensagercamping.dk\/de\/shop\/"},{"@type":"ListItem","position":3,"name":"H\u00fctte"}]},{"@type":"WebSite","@id":"https:\/\/stensagercamping.dk\/#website","url":"https:\/\/stensagercamping.dk\/","name":"Stensager Strand Camping","description":"T&aelig;t p&aring; Kolding i S&oslash;nderjylland","potentialAction":[{"@type":"SearchAction","target":{"@type":"EntryPoint","urlTemplate":"https:\/\/stensagercamping.dk\/?s={search_term_string}"},"query-input":{"@type":"PropertyValueSpecification","valueRequired":true,"valueName":"search_term_string"}}],"inLanguage":"de"}]}},"_links":{"self":[{"href":"https:\/\/stensagercamping.dk\/de\/wp-json\/wp\/v2\/product\/5741","targetHints":{"allow":["GET"]}}],"collection":[{"href":"https:\/\/stensagercamping.dk\/de\/wp-json\/wp\/v2\/product"}],"about":[{"href":"https:\/\/stensagercamping.dk\/de\/wp-json\/wp\/v2\/types\/product"}],"replies":[{"embeddable":true,"href":"https:\/\/stensagercamping.dk\/de\/wp-json\/wp\/v2\/comments?post=5741"}],"wp:featuredmedia":[{"embeddable":true,"href":"https:\/\/stensagercamping.dk\/de\/wp-json\/wp\/v2\/media\/5249"}],"wp:attachment":[{"href":"https:\/\/stensagercamping.dk\/de\/wp-json\/wp\/v2\/media?parent=5741"}],"wp:term":[{"taxonomy":"product_brand","embeddable":true,"href":"https:\/\/stensagercamping.dk\/de\/wp-json\/wp\/v2\/product_brand?post=5741"},{"taxonomy":"product_cat","embeddable":true,"href":"https:\/\/stensagercamping.dk\/de\/wp-json\/wp\/v2\/product_cat?post=5741"},{"taxonomy":"product_tag","embeddable":true,"href":"https:\/\/stensagercamping.dk\/de\/wp-json\/wp\/v2\/product_tag?post=5741"}],"curies":[{"name":"wp","href":"https:\/\/api.w.org\/{rel}","templated":true}]}}