{"id":5749,"date":"2025-01-30T10:37:07","date_gmt":"2025-01-30T10:37:07","guid":{"rendered":"https:\/\/stensagercamping.dk\/udviklingssite\/camping\/legoland-2\/"},"modified":"2025-02-04T09:52:05","modified_gmt":"2025-02-04T09:52:05","slug":"legoland-2","status":"publish","type":"product","link":"https:\/\/stensagercamping.dk\/de\/camping\/legoland-2\/","title":{"rendered":"Legoland"},"content":{"rendered":"<p>Eine Autostunde von Stensager Strand Camping entfernt finden Sie einen der besten und bekanntesten Vergn\u00fcgungsparks D\u00e4nemarks \u2013 das fantastische Legoland. Der Park bietet alles, was Sie sich an Fahrgesch\u00e4ften und Spa\u00df f\u00fcr die ganze Familie vorstellen k\u00f6nnen. Zudem finden Sie hier zahlreiche gute Restaurants in unterschiedlichen Preiskategorien, S\u00fc\u00dfwaren- und Eisdielen. Ein absolutes Muss f\u00fcr den Urlaub mit der ganzen Familie.<\/p>\n<p><strong>Adresse<\/strong><br \/>\nLEGOLAND<br \/>\nNordmarksvej 9<br \/>\n7190 Billund<br \/>\nTel. +45\u00a0<a class=\"fl r-i7CeysMvIflc\" title=\"Anruf \u00fcber Hangouts\" data-number=\"+4575331333\" data-rtid=\"i7CeysMvIflc\" data-ved=\"0ahUKEwjGsZmNpurKAhUMFSwKHSptCJIQkAgIwQUwcw\">75 33 13 33&lt;\/a &gt;<\/a><\/p>\n<p><strong>Website<\/strong><br \/>\n<a href=\"http:\/\/www.legoland.dk\" target=\"_blank\" rel=\"noopener\">www.legoland.dk<\/a><\/p>\n","protected":false},"excerpt":{"rendered":"<p>Spa\u00df f\u00fcr die ganze Familie.<\/p>\n","protected":false},"featured_media":5131,"comment_status":"open","ping_status":"closed","template":"","meta":[],"product_brand":[],"product_cat":[78,74],"product_tag":[],"class_list":{"0":"post-5749","1":"product","2":"type-product","3":"status-publish","4":"has-post-thumbnail","6":"product_cat-26-100-km-de","7":"product_cat-erlebnisse","9":"first","10":"instock","11":"shipping-taxable","12":"product-type-ovabrw_car_rental"},"yoast_head":"<!-- This site is optimized with the Yoast SEO plugin v26.8 - https:\/\/yoast.com\/product\/yoast-seo-wordpress\/ -->\n<title>Legoland - Stensager Strand Camping<\/title>\n<meta name=\"robots\" content=\"index, follow, max-snippet:-1, max-image-preview:large, max-video-preview:-1\" \/>\n<link rel=\"canonical\" href=\"https:\/\/stensagercamping.dk\/de\/camping\/legoland-2\/\" \/>\n<meta property=\"og:locale\" content=\"de_DE\" \/>\n<meta property=\"og:type\" content=\"article\" \/>\n<meta property=\"og:title\" content=\"Legoland - Stensager Strand Camping\" \/>\n<meta property=\"og:description\" content=\"Spa\u00df f\u00fcr die ganze Familie.\" \/>\n<meta property=\"og:url\" content=\"https:\/\/stensagercamping.dk\/de\/camping\/legoland-2\/\" \/>\n<meta property=\"og:site_name\" content=\"Stensager Strand Camping\" \/>\n<meta property=\"article:modified_time\" content=\"2025-02-04T09:52:05+00:00\" \/>\n<meta property=\"og:image\" content=\"https:\/\/stensagercamping.dk\/wp-content\/uploads\/2025\/01\/legoland.jpeg\" \/>\n\t<meta property=\"og:image:width\" content=\"1024\" \/>\n\t<meta property=\"og:image:height\" content=\"576\" \/>\n\t<meta property=\"og:image:type\" content=\"image\/jpeg\" \/>\n<meta name=\"twitter:card\" content=\"summary_large_image\" \/>\n<script type=\"application\/ld+json\" class=\"yoast-schema-graph\">{\"@context\":\"https:\/\/schema.org\",\"@graph\":[{\"@type\":\"WebPage\",\"@id\":\"https:\/\/stensagercamping.dk\/de\/camping\/legoland-2\/\",\"url\":\"https:\/\/stensagercamping.dk\/de\/camping\/legoland-2\/\",\"name\":\"Legoland - Stensager Strand Camping\",\"isPartOf\":{\"@id\":\"https:\/\/stensagercamping.dk\/#website\"},\"primaryImageOfPage\":{\"@id\":\"https:\/\/stensagercamping.dk\/de\/camping\/legoland-2\/#primaryimage\"},\"image\":{\"@id\":\"https:\/\/stensagercamping.dk\/de\/camping\/legoland-2\/#primaryimage\"},\"thumbnailUrl\":\"https:\/\/stensagercamping.dk\/wp-content\/uploads\/2025\/01\/legoland.jpeg\",\"datePublished\":\"2025-01-30T10:37:07+00:00\",\"dateModified\":\"2025-02-04T09:52:05+00:00\",\"breadcrumb\":{\"@id\":\"https:\/\/stensagercamping.dk\/de\/camping\/legoland-2\/#breadcrumb\"},\"inLanguage\":\"de\",\"potentialAction\":[{\"@type\":\"ReadAction\",\"target\":[\"https:\/\/stensagercamping.dk\/de\/camping\/legoland-2\/\"]}]},{\"@type\":\"ImageObject\",\"inLanguage\":\"de\",\"@id\":\"https:\/\/stensagercamping.dk\/de\/camping\/legoland-2\/#primaryimage\",\"url\":\"https:\/\/stensagercamping.dk\/wp-content\/uploads\/2025\/01\/legoland.jpeg\",\"contentUrl\":\"https:\/\/stensagercamping.dk\/wp-content\/uploads\/2025\/01\/legoland.jpeg\",\"width\":1024,\"height\":576},{\"@type\":\"BreadcrumbList\",\"@id\":\"https:\/\/stensagercamping.dk\/de\/camping\/legoland-2\/#breadcrumb\",\"itemListElement\":[{\"@type\":\"ListItem\",\"position\":1,\"name\":\"Hjem\",\"item\":\"https:\/\/stensagercamping.dk\/de\/\"},{\"@type\":\"ListItem\",\"position\":2,\"name\":\"Shop\",\"item\":\"https:\/\/stensagercamping.dk\/de\/shop\/\"},{\"@type\":\"ListItem\",\"position\":3,\"name\":\"Legoland\"}]},{\"@type\":\"WebSite\",\"@id\":\"https:\/\/stensagercamping.dk\/#website\",\"url\":\"https:\/\/stensagercamping.dk\/\",\"name\":\"Stensager Strand Camping\",\"description\":\"T&aelig;t p&aring; Kolding i S&oslash;nderjylland\",\"potentialAction\":[{\"@type\":\"SearchAction\",\"target\":{\"@type\":\"EntryPoint\",\"urlTemplate\":\"https:\/\/stensagercamping.dk\/?s={search_term_string}\"},\"query-input\":{\"@type\":\"PropertyValueSpecification\",\"valueRequired\":true,\"valueName\":\"search_term_string\"}}],\"inLanguage\":\"de\"}]}<\/script>\n<!-- \/ Yoast SEO plugin. -->","yoast_head_json":{"title":"Legoland - Stensager Strand Camping","robots":{"index":"index","follow":"follow","max-snippet":"max-snippet:-1","max-image-preview":"max-image-preview:large","max-video-preview":"max-video-preview:-1"},"canonical":"https:\/\/stensagercamping.dk\/de\/camping\/legoland-2\/","og_locale":"de_DE","og_type":"article","og_title":"Legoland - Stensager Strand Camping","og_description":"Spa\u00df f\u00fcr die ganze Familie.","og_url":"https:\/\/stensagercamping.dk\/de\/camping\/legoland-2\/","og_site_name":"Stensager Strand Camping","article_modified_time":"2025-02-04T09:52:05+00:00","og_image":[{"width":1024,"height":576,"url":"https:\/\/stensagercamping.dk\/wp-content\/uploads\/2025\/01\/legoland.jpeg","type":"image\/jpeg"}],"twitter_card":"summary_large_image","schema":{"@context":"https:\/\/schema.org","@graph":[{"@type":"WebPage","@id":"https:\/\/stensagercamping.dk\/de\/camping\/legoland-2\/","url":"https:\/\/stensagercamping.dk\/de\/camping\/legoland-2\/","name":"Legoland - Stensager Strand Camping","isPartOf":{"@id":"https:\/\/stensagercamping.dk\/#website"},"primaryImageOfPage":{"@id":"https:\/\/stensagercamping.dk\/de\/camping\/legoland-2\/#primaryimage"},"image":{"@id":"https:\/\/stensagercamping.dk\/de\/camping\/legoland-2\/#primaryimage"},"thumbnailUrl":"https:\/\/stensagercamping.dk\/wp-content\/uploads\/2025\/01\/legoland.jpeg","datePublished":"2025-01-30T10:37:07+00:00","dateModified":"2025-02-04T09:52:05+00:00","breadcrumb":{"@id":"https:\/\/stensagercamping.dk\/de\/camping\/legoland-2\/#breadcrumb"},"inLanguage":"de","potentialAction":[{"@type":"ReadAction","target":["https:\/\/stensagercamping.dk\/de\/camping\/legoland-2\/"]}]},{"@type":"ImageObject","inLanguage":"de","@id":"https:\/\/stensagercamping.dk\/de\/camping\/legoland-2\/#primaryimage","url":"https:\/\/stensagercamping.dk\/wp-content\/uploads\/2025\/01\/legoland.jpeg","contentUrl":"https:\/\/stensagercamping.dk\/wp-content\/uploads\/2025\/01\/legoland.jpeg","width":1024,"height":576},{"@type":"BreadcrumbList","@id":"https:\/\/stensagercamping.dk\/de\/camping\/legoland-2\/#breadcrumb","itemListElement":[{"@type":"ListItem","position":1,"name":"Hjem","item":"https:\/\/stensagercamping.dk\/de\/"},{"@type":"ListItem","position":2,"name":"Shop","item":"https:\/\/stensagercamping.dk\/de\/shop\/"},{"@type":"ListItem","position":3,"name":"Legoland"}]},{"@type":"WebSite","@id":"https:\/\/stensagercamping.dk\/#website","url":"https:\/\/stensagercamping.dk\/","name":"Stensager Strand Camping","description":"T&aelig;t p&aring; Kolding i S&oslash;nderjylland","potentialAction":[{"@type":"SearchAction","target":{"@type":"EntryPoint","urlTemplate":"https:\/\/stensagercamping.dk\/?s={search_term_string}"},"query-input":{"@type":"PropertyValueSpecification","valueRequired":true,"valueName":"search_term_string"}}],"inLanguage":"de"}]}},"_links":{"self":[{"href":"https:\/\/stensagercamping.dk\/de\/wp-json\/wp\/v2\/product\/5749","targetHints":{"allow":["GET"]}}],"collection":[{"href":"https:\/\/stensagercamping.dk\/de\/wp-json\/wp\/v2\/product"}],"about":[{"href":"https:\/\/stensagercamping.dk\/de\/wp-json\/wp\/v2\/types\/product"}],"replies":[{"embeddable":true,"href":"https:\/\/stensagercamping.dk\/de\/wp-json\/wp\/v2\/comments?post=5749"}],"wp:featuredmedia":[{"embeddable":true,"href":"https:\/\/stensagercamping.dk\/de\/wp-json\/wp\/v2\/media\/5131"}],"wp:attachment":[{"href":"https:\/\/stensagercamping.dk\/de\/wp-json\/wp\/v2\/media?parent=5749"}],"wp:term":[{"taxonomy":"product_brand","embeddable":true,"href":"https:\/\/stensagercamping.dk\/de\/wp-json\/wp\/v2\/product_brand?post=5749"},{"taxonomy":"product_cat","embeddable":true,"href":"https:\/\/stensagercamping.dk\/de\/wp-json\/wp\/v2\/product_cat?post=5749"},{"taxonomy":"product_tag","embeddable":true,"href":"https:\/\/stensagercamping.dk\/de\/wp-json\/wp\/v2\/product_tag?post=5749"}],"curies":[{"name":"wp","href":"https:\/\/api.w.org\/{rel}","templated":true}]}}