{"id":5459,"date":"2025-01-02T10:28:32","date_gmt":"2025-01-02T10:28:32","guid":{"rendered":"https:\/\/stensagercamping.dk\/udviklingssite\/camping\/inflatable-boats\/"},"modified":"2025-01-02T10:28:32","modified_gmt":"2025-01-02T10:28:32","slug":"inflatable-boats","status":"publish","type":"product","link":"https:\/\/stensagercamping.dk\/en\/camping\/inflatable-boats\/","title":{"rendered":"Inflatable boats"},"content":{"rendered":"<p>Lej en gummib\u00e5d med motor.<\/p>\n<p>P\u00e5 Stensager Strand Camping kan du leje en b\u00e5d med el-motor, vi har 2 gummib\u00e5de med el-motor s\u00e5 i kan komme p\u00e5 vandet uden selv at have en b\u00e5d.<\/p>\n","protected":false},"excerpt":{"rendered":"<p>2 inflatable boats with electric motor.<\/p>\n","protected":false},"featured_media":5070,"comment_status":"closed","ping_status":"closed","template":"","meta":[],"product_brand":[],"product_cat":[61,62],"product_tag":[],"class_list":{"0":"post-5459","1":"product","2":"type-product","3":"status-publish","4":"has-post-thumbnail","6":"product_cat-experiences","7":"product_cat-on-the-square","9":"first","10":"instock","11":"shipping-taxable","12":"purchasable","13":"product-type-ovabrw_car_rental"},"yoast_head":"<!-- This site is optimized with the Yoast SEO plugin v26.8 - https:\/\/yoast.com\/product\/yoast-seo-wordpress\/ -->\n<title>Inflatable boats - Stensager Strand Camping<\/title>\n<meta name=\"robots\" content=\"index, follow, max-snippet:-1, max-image-preview:large, max-video-preview:-1\" \/>\n<link rel=\"canonical\" href=\"https:\/\/stensagercamping.dk\/en\/camping\/inflatable-boats\/\" \/>\n<meta property=\"og:locale\" content=\"en_US\" \/>\n<meta property=\"og:type\" content=\"article\" \/>\n<meta property=\"og:title\" content=\"Inflatable boats - Stensager Strand Camping\" \/>\n<meta property=\"og:description\" content=\"2 inflatable boats with electric motor.\" \/>\n<meta property=\"og:url\" content=\"https:\/\/stensagercamping.dk\/en\/camping\/inflatable-boats\/\" \/>\n<meta property=\"og:site_name\" content=\"Stensager Strand Camping\" \/>\n<meta property=\"og:image\" content=\"https:\/\/stensagercamping.dk\/wp-content\/uploads\/2025\/01\/Gumibaade.jpg\" \/>\n\t<meta property=\"og:image:width\" content=\"991\" \/>\n\t<meta property=\"og:image:height\" content=\"480\" \/>\n\t<meta property=\"og:image:type\" content=\"image\/jpeg\" \/>\n<meta name=\"twitter:card\" content=\"summary_large_image\" \/>\n<script type=\"application\/ld+json\" class=\"yoast-schema-graph\">{\"@context\":\"https:\/\/schema.org\",\"@graph\":[{\"@type\":\"WebPage\",\"@id\":\"https:\/\/stensagercamping.dk\/en\/camping\/inflatable-boats\/\",\"url\":\"https:\/\/stensagercamping.dk\/en\/camping\/inflatable-boats\/\",\"name\":\"Inflatable boats - Stensager Strand Camping\",\"isPartOf\":{\"@id\":\"https:\/\/stensagercamping.dk\/#website\"},\"primaryImageOfPage\":{\"@id\":\"https:\/\/stensagercamping.dk\/en\/camping\/inflatable-boats\/#primaryimage\"},\"image\":{\"@id\":\"https:\/\/stensagercamping.dk\/en\/camping\/inflatable-boats\/#primaryimage\"},\"thumbnailUrl\":\"https:\/\/stensagercamping.dk\/wp-content\/uploads\/2025\/01\/Gumibaade.jpg\",\"datePublished\":\"2025-01-02T10:28:32+00:00\",\"breadcrumb\":{\"@id\":\"https:\/\/stensagercamping.dk\/en\/camping\/inflatable-boats\/#breadcrumb\"},\"inLanguage\":\"en-US\",\"potentialAction\":[{\"@type\":\"ReadAction\",\"target\":[\"https:\/\/stensagercamping.dk\/en\/camping\/inflatable-boats\/\"]}]},{\"@type\":\"ImageObject\",\"inLanguage\":\"en-US\",\"@id\":\"https:\/\/stensagercamping.dk\/en\/camping\/inflatable-boats\/#primaryimage\",\"url\":\"https:\/\/stensagercamping.dk\/wp-content\/uploads\/2025\/01\/Gumibaade.jpg\",\"contentUrl\":\"https:\/\/stensagercamping.dk\/wp-content\/uploads\/2025\/01\/Gumibaade.jpg\",\"width\":991,\"height\":480},{\"@type\":\"BreadcrumbList\",\"@id\":\"https:\/\/stensagercamping.dk\/en\/camping\/inflatable-boats\/#breadcrumb\",\"itemListElement\":[{\"@type\":\"ListItem\",\"position\":1,\"name\":\"Hjem\",\"item\":\"https:\/\/stensagercamping.dk\/en\/\"},{\"@type\":\"ListItem\",\"position\":2,\"name\":\"Shop\",\"item\":\"https:\/\/stensagercamping.dk\/en\/shop\/\"},{\"@type\":\"ListItem\",\"position\":3,\"name\":\"Inflatable boats\"}]},{\"@type\":\"WebSite\",\"@id\":\"https:\/\/stensagercamping.dk\/#website\",\"url\":\"https:\/\/stensagercamping.dk\/\",\"name\":\"Stensager Strand Camping\",\"description\":\"T&aelig;t p&aring; Kolding i S&oslash;nderjylland\",\"potentialAction\":[{\"@type\":\"SearchAction\",\"target\":{\"@type\":\"EntryPoint\",\"urlTemplate\":\"https:\/\/stensagercamping.dk\/?s={search_term_string}\"},\"query-input\":{\"@type\":\"PropertyValueSpecification\",\"valueRequired\":true,\"valueName\":\"search_term_string\"}}],\"inLanguage\":\"en-US\"}]}<\/script>\n<!-- \/ Yoast SEO plugin. -->","yoast_head_json":{"title":"Inflatable boats - Stensager Strand Camping","robots":{"index":"index","follow":"follow","max-snippet":"max-snippet:-1","max-image-preview":"max-image-preview:large","max-video-preview":"max-video-preview:-1"},"canonical":"https:\/\/stensagercamping.dk\/en\/camping\/inflatable-boats\/","og_locale":"en_US","og_type":"article","og_title":"Inflatable boats - Stensager Strand Camping","og_description":"2 inflatable boats with electric motor.","og_url":"https:\/\/stensagercamping.dk\/en\/camping\/inflatable-boats\/","og_site_name":"Stensager Strand Camping","og_image":[{"width":991,"height":480,"url":"https:\/\/stensagercamping.dk\/wp-content\/uploads\/2025\/01\/Gumibaade.jpg","type":"image\/jpeg"}],"twitter_card":"summary_large_image","schema":{"@context":"https:\/\/schema.org","@graph":[{"@type":"WebPage","@id":"https:\/\/stensagercamping.dk\/en\/camping\/inflatable-boats\/","url":"https:\/\/stensagercamping.dk\/en\/camping\/inflatable-boats\/","name":"Inflatable boats - Stensager Strand Camping","isPartOf":{"@id":"https:\/\/stensagercamping.dk\/#website"},"primaryImageOfPage":{"@id":"https:\/\/stensagercamping.dk\/en\/camping\/inflatable-boats\/#primaryimage"},"image":{"@id":"https:\/\/stensagercamping.dk\/en\/camping\/inflatable-boats\/#primaryimage"},"thumbnailUrl":"https:\/\/stensagercamping.dk\/wp-content\/uploads\/2025\/01\/Gumibaade.jpg","datePublished":"2025-01-02T10:28:32+00:00","breadcrumb":{"@id":"https:\/\/stensagercamping.dk\/en\/camping\/inflatable-boats\/#breadcrumb"},"inLanguage":"en-US","potentialAction":[{"@type":"ReadAction","target":["https:\/\/stensagercamping.dk\/en\/camping\/inflatable-boats\/"]}]},{"@type":"ImageObject","inLanguage":"en-US","@id":"https:\/\/stensagercamping.dk\/en\/camping\/inflatable-boats\/#primaryimage","url":"https:\/\/stensagercamping.dk\/wp-content\/uploads\/2025\/01\/Gumibaade.jpg","contentUrl":"https:\/\/stensagercamping.dk\/wp-content\/uploads\/2025\/01\/Gumibaade.jpg","width":991,"height":480},{"@type":"BreadcrumbList","@id":"https:\/\/stensagercamping.dk\/en\/camping\/inflatable-boats\/#breadcrumb","itemListElement":[{"@type":"ListItem","position":1,"name":"Hjem","item":"https:\/\/stensagercamping.dk\/en\/"},{"@type":"ListItem","position":2,"name":"Shop","item":"https:\/\/stensagercamping.dk\/en\/shop\/"},{"@type":"ListItem","position":3,"name":"Inflatable boats"}]},{"@type":"WebSite","@id":"https:\/\/stensagercamping.dk\/#website","url":"https:\/\/stensagercamping.dk\/","name":"Stensager Strand Camping","description":"T&aelig;t p&aring; Kolding i S&oslash;nderjylland","potentialAction":[{"@type":"SearchAction","target":{"@type":"EntryPoint","urlTemplate":"https:\/\/stensagercamping.dk\/?s={search_term_string}"},"query-input":{"@type":"PropertyValueSpecification","valueRequired":true,"valueName":"search_term_string"}}],"inLanguage":"en-US"}]}},"_links":{"self":[{"href":"https:\/\/stensagercamping.dk\/en\/wp-json\/wp\/v2\/product\/5459","targetHints":{"allow":["GET"]}}],"collection":[{"href":"https:\/\/stensagercamping.dk\/en\/wp-json\/wp\/v2\/product"}],"about":[{"href":"https:\/\/stensagercamping.dk\/en\/wp-json\/wp\/v2\/types\/product"}],"replies":[{"embeddable":true,"href":"https:\/\/stensagercamping.dk\/en\/wp-json\/wp\/v2\/comments?post=5459"}],"wp:featuredmedia":[{"embeddable":true,"href":"https:\/\/stensagercamping.dk\/en\/wp-json\/wp\/v2\/media\/5070"}],"wp:attachment":[{"href":"https:\/\/stensagercamping.dk\/en\/wp-json\/wp\/v2\/media?parent=5459"}],"wp:term":[{"taxonomy":"product_brand","embeddable":true,"href":"https:\/\/stensagercamping.dk\/en\/wp-json\/wp\/v2\/product_brand?post=5459"},{"taxonomy":"product_cat","embeddable":true,"href":"https:\/\/stensagercamping.dk\/en\/wp-json\/wp\/v2\/product_cat?post=5459"},{"taxonomy":"product_tag","embeddable":true,"href":"https:\/\/stensagercamping.dk\/en\/wp-json\/wp\/v2\/product_tag?post=5459"}],"curies":[{"name":"wp","href":"https:\/\/api.w.org\/{rel}","templated":true}]}}